{"id":1564,"date":"2023-08-14T15:33:08","date_gmt":"2023-08-14T13:33:08","guid":{"rendered":"https:\/\/forreria.com\/?page_id=1564"},"modified":"2023-10-04T10:34:41","modified_gmt":"2023-10-04T08:34:41","slug":"servei-control-de-qualitat","status":"publish","type":"page","link":"https:\/\/forreria.com\/ca\/servei-control-de-qualitat\/","title":{"rendered":"Servei, control de qualitat"},"content":{"rendered":"\t\t<div data-elementor-type=\"wp-page\" data-elementor-id=\"1564\" class=\"elementor elementor-1564 elementor-187\" data-elementor-post-type=\"page\">\n\t\t\t\t<div class=\"elementor-element elementor-element-35048d7 e-flex e-con-boxed e-con e-parent\" data-id=\"35048d7\" data-element_type=\"container\">\n\t\t\t\t\t<div class=\"e-con-inner\">\n\t\t<div class=\"elementor-element elementor-element-02b3edd e-con-full e-flex e-con e-child\" data-id=\"02b3edd\" data-element_type=\"container\">\n\t\t<div class=\"elementor-element elementor-element-82541f4 e-con-full elementor-hidden-mobile e-flex e-con e-child\" data-id=\"82541f4\" data-element_type=\"container\">\n\t\t\t\t<div class=\"elementor-element elementor-element-af0edae elementor-widget elementor-widget-heading\" data-id=\"af0edae\" data-element_type=\"widget\" data-widget_type=\"heading.default\">\n\t\t\t\t\t<h2 class=\"elementor-heading-title elementor-size-default\">Menu<\/h2>\t\t\t\t<\/div>\n\t\t<a class=\"elementor-element elementor-element-ef11478 e-grid e-transform e-con-boxed e-con e-child\" data-id=\"ef11478\" data-element_type=\"container\" data-settings=\"{&quot;background_background&quot;:&quot;classic&quot;,&quot;_transform_scale_effect_hover&quot;:{&quot;unit&quot;:&quot;px&quot;,&quot;size&quot;:0.9,&quot;sizes&quot;:[]},&quot;_transform_scale_effect_hover_tablet&quot;:{&quot;unit&quot;:&quot;px&quot;,&quot;size&quot;:&quot;&quot;,&quot;sizes&quot;:[]},&quot;_transform_scale_effect_hover_mobile&quot;:{&quot;unit&quot;:&quot;px&quot;,&quot;size&quot;:&quot;&quot;,&quot;sizes&quot;:[]}}\" href=\"\/ca\/historia\/\">\n\t\t\t\t\t<div class=\"e-con-inner\">\n\t\t\t\t<div class=\"elementor-element elementor-element-6143a04 elementor-widget elementor-widget-image\" data-id=\"6143a04\" data-element_type=\"widget\" data-widget_type=\"image.default\">\n\t\t\t\t\t\t\t\t\t\t\t\t\t\t\t<img fetchpriority=\"high\" decoding=\"async\" width=\"500\" height=\"500\" src=\"https:\/\/forreria.com\/wp-content\/uploads\/2023\/09\/btn-fabrica.jpg\" class=\"attachment-large size-large wp-image-1287\" alt=\"\" srcset=\"https:\/\/forreria.com\/wp-content\/uploads\/2023\/09\/btn-fabrica.jpg 500w, https:\/\/forreria.com\/wp-content\/uploads\/2023\/09\/btn-fabrica-300x300.jpg 300w, https:\/\/forreria.com\/wp-content\/uploads\/2023\/09\/btn-fabrica-150x150.jpg 150w\" sizes=\"(max-width: 500px) 100vw, 500px\" \/>\t\t\t\t\t\t\t\t\t\t\t\t\t\t\t<\/div>\n\t\t\t\t<div class=\"elementor-element elementor-element-ca06e08 elementor-widget elementor-widget-heading\" data-id=\"ca06e08\" data-element_type=\"widget\" data-widget_type=\"heading.default\">\n\t\t\t\t\t<h2 class=\"elementor-heading-title elementor-size-default\">Hist\u00f2ria<\/h2>\t\t\t\t<\/div>\n\t\t\t\t\t<\/div>\n\t\t\t\t<\/a>\n\t\t<a class=\"elementor-element elementor-element-ff3202a e-grid e-transform e-con-boxed e-con e-child\" data-id=\"ff3202a\" data-element_type=\"container\" data-settings=\"{&quot;background_background&quot;:&quot;classic&quot;,&quot;_transform_scale_effect_hover&quot;:{&quot;unit&quot;:&quot;px&quot;,&quot;size&quot;:0.9,&quot;sizes&quot;:[]},&quot;_transform_scale_effect_hover_tablet&quot;:{&quot;unit&quot;:&quot;px&quot;,&quot;size&quot;:&quot;&quot;,&quot;sizes&quot;:[]},&quot;_transform_scale_effect_hover_mobile&quot;:{&quot;unit&quot;:&quot;px&quot;,&quot;size&quot;:&quot;&quot;,&quot;sizes&quot;:[]}}\" href=\"\/ca\/fabrica-propia\/\">\n\t\t\t\t\t<div class=\"e-con-inner\">\n\t\t\t\t<div class=\"elementor-element elementor-element-2535ce2 elementor-widget elementor-widget-image\" data-id=\"2535ce2\" data-element_type=\"widget\" data-widget_type=\"image.default\">\n\t\t\t\t\t\t\t\t\t\t\t\t\t\t\t<img decoding=\"async\" width=\"200\" height=\"200\" src=\"https:\/\/forreria.com\/wp-content\/uploads\/2023\/08\/btn-fabrica.jpg\" class=\"attachment-large size-large wp-image-1193\" alt=\"\" srcset=\"https:\/\/forreria.com\/wp-content\/uploads\/2023\/08\/btn-fabrica.jpg 200w, https:\/\/forreria.com\/wp-content\/uploads\/2023\/08\/btn-fabrica-150x150.jpg 150w\" sizes=\"(max-width: 200px) 100vw, 200px\" \/>\t\t\t\t\t\t\t\t\t\t\t\t\t\t\t<\/div>\n\t\t\t\t<div class=\"elementor-element elementor-element-1c81998 elementor-widget elementor-widget-heading\" data-id=\"1c81998\" data-element_type=\"widget\" data-widget_type=\"heading.default\">\n\t\t\t\t\t<h2 class=\"elementor-heading-title elementor-size-default\">F\u00e0brica pr\u00f2pia<\/h2>\t\t\t\t<\/div>\n\t\t\t\t\t<\/div>\n\t\t\t\t<\/a>\n\t\t<a class=\"elementor-element elementor-element-4d5deae e-grid e-transform e-con-boxed e-con e-child\" data-id=\"4d5deae\" data-element_type=\"container\" data-settings=\"{&quot;background_background&quot;:&quot;classic&quot;,&quot;_transform_scale_effect_hover&quot;:{&quot;unit&quot;:&quot;px&quot;,&quot;size&quot;:0.9,&quot;sizes&quot;:[]},&quot;_transform_scale_effect_hover_tablet&quot;:{&quot;unit&quot;:&quot;px&quot;,&quot;size&quot;:&quot;&quot;,&quot;sizes&quot;:[]},&quot;_transform_scale_effect_hover_mobile&quot;:{&quot;unit&quot;:&quot;px&quot;,&quot;size&quot;:&quot;&quot;,&quot;sizes&quot;:[]}}\" href=\"\/ca\/servei-control-de-qualitat\/\">\n\t\t\t\t\t<div class=\"e-con-inner\">\n\t\t\t\t<div class=\"elementor-element elementor-element-cc71993 elementor-widget elementor-widget-image\" data-id=\"cc71993\" data-element_type=\"widget\" data-widget_type=\"image.default\">\n\t\t\t\t\t\t\t\t\t\t\t\t\t\t\t<img decoding=\"async\" width=\"200\" height=\"200\" src=\"https:\/\/forreria.com\/wp-content\/uploads\/2023\/08\/btn-control-calidad.jpg\" class=\"attachment-large size-large wp-image-1205\" alt=\"\" srcset=\"https:\/\/forreria.com\/wp-content\/uploads\/2023\/08\/btn-control-calidad.jpg 200w, https:\/\/forreria.com\/wp-content\/uploads\/2023\/08\/btn-control-calidad-150x150.jpg 150w\" sizes=\"(max-width: 200px) 100vw, 200px\" \/>\t\t\t\t\t\t\t\t\t\t\t\t\t\t\t<\/div>\n\t\t\t\t<div class=\"elementor-element elementor-element-c56f3e8 elementor-widget elementor-widget-heading\" data-id=\"c56f3e8\" data-element_type=\"widget\" data-widget_type=\"heading.default\">\n\t\t\t\t\t<h2 class=\"elementor-heading-title elementor-size-default\">Control de qualitat<\/h2>\t\t\t\t<\/div>\n\t\t\t\t\t<\/div>\n\t\t\t\t<\/a>\n\t\t<a class=\"elementor-element elementor-element-737d48f e-grid e-transform e-con-boxed e-con e-child\" data-id=\"737d48f\" data-element_type=\"container\" data-settings=\"{&quot;background_background&quot;:&quot;classic&quot;,&quot;_transform_scale_effect_hover&quot;:{&quot;unit&quot;:&quot;px&quot;,&quot;size&quot;:0.9,&quot;sizes&quot;:[]},&quot;_transform_scale_effect_hover_tablet&quot;:{&quot;unit&quot;:&quot;px&quot;,&quot;size&quot;:&quot;&quot;,&quot;sizes&quot;:[]},&quot;_transform_scale_effect_hover_mobile&quot;:{&quot;unit&quot;:&quot;px&quot;,&quot;size&quot;:&quot;&quot;,&quot;sizes&quot;:[]}}\" href=\"\/ca\/gamma-amplia-de-productes\/\">\n\t\t\t\t\t<div class=\"e-con-inner\">\n\t\t\t\t<div class=\"elementor-element elementor-element-bf92b81 elementor-widget elementor-widget-image\" data-id=\"bf92b81\" data-element_type=\"widget\" data-widget_type=\"image.default\">\n\t\t\t\t\t\t\t\t\t\t\t\t\t\t\t<img loading=\"lazy\" decoding=\"async\" width=\"217\" height=\"217\" src=\"https:\/\/forreria.com\/wp-content\/uploads\/2023\/08\/btn-gama-de-productos.jpg\" class=\"attachment-large size-large wp-image-1209\" alt=\"\" srcset=\"https:\/\/forreria.com\/wp-content\/uploads\/2023\/08\/btn-gama-de-productos.jpg 217w, https:\/\/forreria.com\/wp-content\/uploads\/2023\/08\/btn-gama-de-productos-150x150.jpg 150w\" sizes=\"(max-width: 217px) 100vw, 217px\" \/>\t\t\t\t\t\t\t\t\t\t\t\t\t\t\t<\/div>\n\t\t\t\t<div class=\"elementor-element elementor-element-aec610c elementor-widget elementor-widget-heading\" data-id=\"aec610c\" data-element_type=\"widget\" data-widget_type=\"heading.default\">\n\t\t\t\t\t<h2 class=\"elementor-heading-title elementor-size-default\">Gamma de <br> productes<\/h2>\t\t\t\t<\/div>\n\t\t\t\t\t<\/div>\n\t\t\t\t<\/a>\n\t\t<a class=\"elementor-element elementor-element-60a0e4e e-grid e-transform e-con-boxed e-con e-child\" data-id=\"60a0e4e\" data-element_type=\"container\" data-settings=\"{&quot;background_background&quot;:&quot;classic&quot;,&quot;_transform_scale_effect_hover&quot;:{&quot;unit&quot;:&quot;px&quot;,&quot;size&quot;:0.9,&quot;sizes&quot;:[]},&quot;_transform_scale_effect_hover_tablet&quot;:{&quot;unit&quot;:&quot;px&quot;,&quot;size&quot;:&quot;&quot;,&quot;sizes&quot;:[]},&quot;_transform_scale_effect_hover_mobile&quot;:{&quot;unit&quot;:&quot;px&quot;,&quot;size&quot;:&quot;&quot;,&quot;sizes&quot;:[]}}\" href=\"\/ca\/stock-service-i-minims-reduits\/\">\n\t\t\t\t\t<div class=\"e-con-inner\">\n\t\t\t\t<div class=\"elementor-element elementor-element-fa02ce6 elementor-widget elementor-widget-image\" data-id=\"fa02ce6\" data-element_type=\"widget\" data-widget_type=\"image.default\">\n\t\t\t\t\t\t\t\t\t\t\t\t\t\t\t<img loading=\"lazy\" decoding=\"async\" width=\"200\" height=\"200\" src=\"https:\/\/forreria.com\/wp-content\/uploads\/2023\/08\/btn-Stock-Service.jpg\" class=\"attachment-large size-large wp-image-1223\" alt=\"\" srcset=\"https:\/\/forreria.com\/wp-content\/uploads\/2023\/08\/btn-Stock-Service.jpg 200w, https:\/\/forreria.com\/wp-content\/uploads\/2023\/08\/btn-Stock-Service-150x150.jpg 150w\" sizes=\"(max-width: 200px) 100vw, 200px\" \/>\t\t\t\t\t\t\t\t\t\t\t\t\t\t\t<\/div>\n\t\t\t\t<div class=\"elementor-element elementor-element-f4added elementor-widget elementor-widget-heading\" data-id=\"f4added\" data-element_type=\"widget\" data-widget_type=\"heading.default\">\n\t\t\t\t\t<h2 class=\"elementor-heading-title elementor-size-default\">Stock service<\/h2>\t\t\t\t<\/div>\n\t\t\t\t\t<\/div>\n\t\t\t\t<\/a>\n\t\t\t\t<\/div>\n\t\t\t\t<\/div>\n\t\t<div class=\"elementor-element elementor-element-3eedd37 e-flex e-con-boxed e-con e-child\" data-id=\"3eedd37\" data-element_type=\"container\">\n\t\t\t\t\t<div class=\"e-con-inner\">\n\t\t\t\t<div class=\"elementor-element elementor-element-a3aba38 elementor-widget elementor-widget-heading\" data-id=\"a3aba38\" data-element_type=\"widget\" data-widget_type=\"heading.default\">\n\t\t\t\t\t<h1 class=\"elementor-heading-title elementor-size-default\">Servei, control de qualitat<\/h1>\t\t\t\t<\/div>\n\t\t<div class=\"elementor-element elementor-element-8b01d12 e-flex e-con-boxed e-con e-child\" data-id=\"8b01d12\" data-element_type=\"container\">\n\t\t\t\t\t<div class=\"e-con-inner\">\n\t\t\t\t<div class=\"elementor-element elementor-element-1691b3c elementor-invisible elementor-widget elementor-widget-text-editor\" data-id=\"1691b3c\" data-element_type=\"widget\" data-settings=\"{&quot;_animation&quot;:&quot;fadeInUp&quot;}\" data-widget_type=\"text-editor.default\">\n\t\t\t\t\t\t\t\t\t<p>A <strong>Industrial Forreria<\/strong>, la qualitat \u00e9s el nostre estendard i la garantia de satisfacci\u00f3 per als nostres clients.<br \/>Cadascun dels nostres folres passa per un rigor\u00f3s proc\u00e9s de control de qualitat, on cada detall \u00e9s examinat amb precisi\u00f3.<\/p><p><a href=\"https:\/\/forreria.com\/wp-content\/uploads\/2023\/08\/img-maquina-control-calidad.jpg\"><img loading=\"lazy\" decoding=\"async\" class=\"alignleft wp-image-515\" src=\"https:\/\/forreria.com\/wp-content\/uploads\/2023\/08\/img-maquina-control-calidad-300x300.jpg\" alt=\"\" width=\"370\" height=\"370\" srcset=\"https:\/\/forreria.com\/wp-content\/uploads\/2023\/08\/img-maquina-control-calidad-300x300.jpg 300w, https:\/\/forreria.com\/wp-content\/uploads\/2023\/08\/img-maquina-control-calidad-150x150.jpg 150w, https:\/\/forreria.com\/wp-content\/uploads\/2023\/08\/img-maquina-control-calidad-768x769.jpg 768w, https:\/\/forreria.com\/wp-content\/uploads\/2023\/08\/img-maquina-control-calidad.jpg 800w\" sizes=\"(max-width: 370px) 100vw, 370px\" \/><\/a>El nostre comprom\u00eds \u00e9s clar: lliurar articles que no nom\u00e9s compleixin sin\u00f3 que superin les expectatives en termes d&#8217;excel\u00b7l\u00e8ncia.<br \/>Amb un magatzem que acull una impressionant varietat de m\u00e9s de 400 productes, estem preparats per oferir solucions que s&#8217;ajustin a totes les necessitats. El nostre estoc extens es tradueix en terminis de lliurament m\u00e9s precisos i fiables.<\/p><p>Per\u00f2 no nom\u00e9s aturem la nostra missi\u00f3 a oferir productes excepcionals. Tamb\u00e9 valorem la individualitat i la visi\u00f3 \u00fanica de cada client. \u00c9s per aix\u00f2 que presentem una opci\u00f3 de teixit semi-elaborat, que es converteix en un llen\u00e7 en blanc per a la personalitzaci\u00f3. Sabem que cada projecte t\u00e9 el seu propi segell distintiu i ens enorgulleix brindar als nostres clients la llibertat d&#8217;afegir-hi el toc personal.<\/p>\t\t\t\t\t\t\t\t<\/div>\n\t\t<div class=\"elementor-element elementor-element-9c2dd1d e-con-full e-flex e-con e-child\" data-id=\"9c2dd1d\" data-element_type=\"container\">\n\t\t<div class=\"elementor-element elementor-element-159e83b e-con-full e-flex e-con e-child\" data-id=\"159e83b\" data-element_type=\"container\">\n\t\t\t\t<div class=\"elementor-element elementor-element-c76d76a elementor-widget elementor-widget-image\" data-id=\"c76d76a\" data-element_type=\"widget\" data-widget_type=\"image.default\">\n\t\t\t\t\t\t\t\t\t\t\t\t\t\t\t\t<a href=\"https:\/\/forreria.com\/wp-content\/uploads\/2023\/08\/img-control-de-calidad.jpg\" data-elementor-open-lightbox=\"yes\" data-elementor-lightbox-title=\"img-control-de-calidad\" data-e-action-hash=\"#elementor-action%3Aaction%3Dlightbox%26settings%3DeyJpZCI6MTE4MywidXJsIjoiaHR0cHM6XC9cL2ZvcnJlcmlhLmNvbVwvd3AtY29udGVudFwvdXBsb2Fkc1wvMjAyM1wvMDhcL2ltZy1jb250cm9sLWRlLWNhbGlkYWQuanBnIn0%3D\">\n\t\t\t\t\t\t\t<img loading=\"lazy\" decoding=\"async\" width=\"800\" height=\"800\" src=\"https:\/\/forreria.com\/wp-content\/uploads\/2023\/08\/img-control-de-calidad.jpg\" class=\"attachment-large size-large wp-image-1183\" alt=\"\" srcset=\"https:\/\/forreria.com\/wp-content\/uploads\/2023\/08\/img-control-de-calidad.jpg 800w, https:\/\/forreria.com\/wp-content\/uploads\/2023\/08\/img-control-de-calidad-300x300.jpg 300w, https:\/\/forreria.com\/wp-content\/uploads\/2023\/08\/img-control-de-calidad-150x150.jpg 150w, https:\/\/forreria.com\/wp-content\/uploads\/2023\/08\/img-control-de-calidad-768x768.jpg 768w\" sizes=\"(max-width: 800px) 100vw, 800px\" \/>\t\t\t\t\t\t\t\t<\/a>\n\t\t\t\t\t\t\t\t\t\t\t\t\t\t\t<\/div>\n\t\t\t\t<div class=\"elementor-element elementor-element-253f75d elementor-widget elementor-widget-text-editor\" data-id=\"253f75d\" data-element_type=\"widget\" data-widget_type=\"text-editor.default\">\n\t\t\t\t\t\t\t\t\t<p>Control de Qualitat 100% dels nostres teixits<\/p>\t\t\t\t\t\t\t\t<\/div>\n\t\t\t\t<\/div>\n\t\t<div class=\"elementor-element elementor-element-44d15bf e-con-full e-flex e-con e-child\" data-id=\"44d15bf\" data-element_type=\"container\">\n\t\t\t\t<div class=\"elementor-element elementor-element-0268793 elementor-invisible elementor-widget elementor-widget-image\" data-id=\"0268793\" data-element_type=\"widget\" data-settings=\"{&quot;_animation&quot;:&quot;bounce&quot;,&quot;_animation_mobile&quot;:&quot;none&quot;}\" data-widget_type=\"image.default\">\n\t\t\t\t\t\t\t\t\t\t\t\t\t\t\t\t<a href=\"https:\/\/forreria.com\/wp-content\/uploads\/2023\/08\/img-gran-stock.jpg\" data-elementor-open-lightbox=\"yes\" data-elementor-lightbox-title=\"img-gran-stock\" data-e-action-hash=\"#elementor-action%3Aaction%3Dlightbox%26settings%3DeyJpZCI6MTE3OSwidXJsIjoiaHR0cHM6XC9cL2ZvcnJlcmlhLmNvbVwvd3AtY29udGVudFwvdXBsb2Fkc1wvMjAyM1wvMDhcL2ltZy1ncmFuLXN0b2NrLmpwZyJ9\">\n\t\t\t\t\t\t\t<img loading=\"lazy\" decoding=\"async\" width=\"800\" height=\"800\" src=\"https:\/\/forreria.com\/wp-content\/uploads\/2023\/08\/img-gran-stock.jpg\" class=\"attachment-large size-large wp-image-1179\" alt=\"\" srcset=\"https:\/\/forreria.com\/wp-content\/uploads\/2023\/08\/img-gran-stock.jpg 800w, https:\/\/forreria.com\/wp-content\/uploads\/2023\/08\/img-gran-stock-300x300.jpg 300w, https:\/\/forreria.com\/wp-content\/uploads\/2023\/08\/img-gran-stock-150x150.jpg 150w, https:\/\/forreria.com\/wp-content\/uploads\/2023\/08\/img-gran-stock-768x768.jpg 768w\" sizes=\"(max-width: 800px) 100vw, 800px\" \/>\t\t\t\t\t\t\t\t<\/a>\n\t\t\t\t\t\t\t\t\t\t\t\t\t\t\t<\/div>\n\t\t\t\t<div class=\"elementor-element elementor-element-8911548 elementor-widget elementor-widget-text-editor\" data-id=\"8911548\" data-element_type=\"widget\" data-widget_type=\"text-editor.default\">\n\t\t\t\t\t\t\t\t\t<p>M\u00e9s de 400 productes en estoc permanent<\/p>\t\t\t\t\t\t\t\t<\/div>\n\t\t\t\t<\/div>\n\t\t<div class=\"elementor-element elementor-element-6b5e495 e-con-full e-flex e-con e-child\" data-id=\"6b5e495\" data-element_type=\"container\">\n\t\t\t\t<div class=\"elementor-element elementor-element-95e11d4 animated-fast elementor-invisible elementor-widget elementor-widget-image\" data-id=\"95e11d4\" data-element_type=\"widget\" data-settings=\"{&quot;_animation&quot;:&quot;bounce&quot;,&quot;_animation_mobile&quot;:&quot;none&quot;}\" data-widget_type=\"image.default\">\n\t\t\t\t\t\t\t\t\t\t\t\t\t\t\t\t<a href=\"https:\/\/forreria.com\/wp-content\/uploads\/2023\/08\/img-tejidos-semi-eleborados.jpg\" data-elementor-open-lightbox=\"yes\" data-elementor-lightbox-title=\"img-tejidos-semi-eleborados\" data-e-action-hash=\"#elementor-action%3Aaction%3Dlightbox%26settings%3DeyJpZCI6MTE4MSwidXJsIjoiaHR0cHM6XC9cL2ZvcnJlcmlhLmNvbVwvd3AtY29udGVudFwvdXBsb2Fkc1wvMjAyM1wvMDhcL2ltZy10ZWppZG9zLXNlbWktZWxlYm9yYWRvcy5qcGcifQ%3D%3D\">\n\t\t\t\t\t\t\t<img loading=\"lazy\" decoding=\"async\" width=\"900\" height=\"900\" src=\"https:\/\/forreria.com\/wp-content\/uploads\/2023\/08\/img-tejidos-semi-eleborados.jpg\" class=\"attachment-large size-large wp-image-1181\" alt=\"\" srcset=\"https:\/\/forreria.com\/wp-content\/uploads\/2023\/08\/img-tejidos-semi-eleborados.jpg 900w, https:\/\/forreria.com\/wp-content\/uploads\/2023\/08\/img-tejidos-semi-eleborados-300x300.jpg 300w, https:\/\/forreria.com\/wp-content\/uploads\/2023\/08\/img-tejidos-semi-eleborados-150x150.jpg 150w, https:\/\/forreria.com\/wp-content\/uploads\/2023\/08\/img-tejidos-semi-eleborados-768x768.jpg 768w\" sizes=\"(max-width: 900px) 100vw, 900px\" \/>\t\t\t\t\t\t\t\t<\/a>\n\t\t\t\t\t\t\t\t\t\t\t\t\t\t\t<\/div>\n\t\t\t\t<div class=\"elementor-element elementor-element-6cf54ba elementor-widget elementor-widget-text-editor\" data-id=\"6cf54ba\" data-element_type=\"widget\" data-widget_type=\"text-editor.default\">\n\t\t\t\t\t\t\t\t\t<p>Teixit semi-elaborat per a personalitzar la finalitzaci\u00f3<\/p>\t\t\t\t\t\t\t\t<\/div>\n\t\t\t\t<\/div>\n\t\t\t\t<\/div>\n\t\t\t\t\t<\/div>\n\t\t\t\t<\/div>\n\t\t\t\t\t<\/div>\n\t\t\t\t<\/div>\n\t\t\t\t\t<\/div>\n\t\t\t\t<\/div>\n\t\t\t\t<\/div>\n\t\t","protected":false},"excerpt":{"rendered":"<p>Menu Hist\u00f2ria F\u00e0brica pr\u00f2pia Control de qualitat Gamma de productes Stock service A Industrial Forreria, la qualitat \u00e9s el nostre estendard i la garantia de satisfacci\u00f3 per als nostres clients.Cadascun dels nostres folres passa per un rigor\u00f3s proc\u00e9s de control de qualitat, on cada detall \u00e9s examinat amb precisi\u00f3. El nostre comprom\u00eds \u00e9s clar: lliurar [&hellip;]<\/p>\n","protected":false},"author":1,"featured_media":0,"parent":0,"menu_order":0,"comment_status":"closed","ping_status":"closed","template":"","meta":{"site-sidebar-layout":"no-sidebar","site-content-layout":"page-builder","ast-site-content-layout":"default","site-content-style":"default","site-sidebar-style":"default","ast-global-header-display":"","ast-banner-title-visibility":"","ast-main-header-display":"","ast-hfb-above-header-display":"","ast-hfb-below-header-display":"","ast-hfb-mobile-header-display":"","site-post-title":"disabled","ast-breadcrumbs-content":"","ast-featured-img":"disabled","footer-sml-layout":"","ast-disable-related-posts":"","theme-transparent-header-meta":"default","adv-header-id-meta":"","stick-header-meta":"","header-above-stick-meta":"","header-main-stick-meta":"","header-below-stick-meta":"","astra-migrate-meta-layouts":"set","ast-page-background-enabled":"default","ast-page-background-meta":{"desktop":{"background-color":"var(--ast-global-color-4)","background-image":"","background-repeat":"repeat","background-position":"center center","background-size":"auto","background-attachment":"scroll","background-type":"","background-media":"","overlay-type":"","overlay-color":"","overlay-opacity":"","overlay-gradient":""},"tablet":{"background-color":"","background-image":"","background-repeat":"repeat","background-position":"center center","background-size":"auto","background-attachment":"scroll","background-type":"","background-media":"","overlay-type":"","overlay-color":"","overlay-opacity":"","overlay-gradient":""},"mobile":{"background-color":"","background-image":"","background-repeat":"repeat","background-position":"center center","background-size":"auto","background-attachment":"scroll","background-type":"","background-media":"","overlay-type":"","overlay-color":"","overlay-opacity":"","overlay-gradient":""}},"ast-content-background-meta":{"desktop":{"background-color":"var(--ast-global-color-5)","background-image":"","background-repeat":"repeat","background-position":"center center","background-size":"auto","background-attachment":"scroll","background-type":"","background-media":"","overlay-type":"","overlay-color":"","overlay-opacity":"","overlay-gradient":""},"tablet":{"background-color":"var(--ast-global-color-5)","background-image":"","background-repeat":"repeat","background-position":"center center","background-size":"auto","background-attachment":"scroll","background-type":"","background-media":"","overlay-type":"","overlay-color":"","overlay-opacity":"","overlay-gradient":""},"mobile":{"background-color":"var(--ast-global-color-5)","background-image":"","background-repeat":"repeat","background-position":"center center","background-size":"auto","background-attachment":"scroll","background-type":"","background-media":"","overlay-type":"","overlay-color":"","overlay-opacity":"","overlay-gradient":""}},"footnotes":""},"class_list":["post-1564","page","type-page","status-publish","hentry"],"_links":{"self":[{"href":"https:\/\/forreria.com\/ca\/wp-json\/wp\/v2\/pages\/1564","targetHints":{"allow":["GET"]}}],"collection":[{"href":"https:\/\/forreria.com\/ca\/wp-json\/wp\/v2\/pages"}],"about":[{"href":"https:\/\/forreria.com\/ca\/wp-json\/wp\/v2\/types\/page"}],"author":[{"embeddable":true,"href":"https:\/\/forreria.com\/ca\/wp-json\/wp\/v2\/users\/1"}],"replies":[{"embeddable":true,"href":"https:\/\/forreria.com\/ca\/wp-json\/wp\/v2\/comments?post=1564"}],"version-history":[{"count":0,"href":"https:\/\/forreria.com\/ca\/wp-json\/wp\/v2\/pages\/1564\/revisions"}],"wp:attachment":[{"href":"https:\/\/forreria.com\/ca\/wp-json\/wp\/v2\/media?parent=1564"}],"curies":[{"name":"wp","href":"https:\/\/api.w.org\/{rel}","templated":true}]}}