{"id":1578,"date":"2023-08-15T06:54:53","date_gmt":"2023-08-15T04:54:53","guid":{"rendered":"https:\/\/forreria.com\/?page_id=1578"},"modified":"2023-10-04T10:36:58","modified_gmt":"2023-10-04T08:36:58","slug":"gamma-amplia-de-productes","status":"publish","type":"page","link":"https:\/\/forreria.com\/ca\/gamma-amplia-de-productes\/","title":{"rendered":"Gamma \u00e0mplia de productes"},"content":{"rendered":"\t\t<div data-elementor-type=\"wp-page\" data-elementor-id=\"1578\" class=\"elementor elementor-1578 elementor-290\" data-elementor-post-type=\"page\">\n\t\t\t\t<div class=\"elementor-element elementor-element-a9a4e87 e-flex e-con-boxed e-con e-parent\" data-id=\"a9a4e87\" data-element_type=\"container\">\n\t\t\t\t\t<div class=\"e-con-inner\">\n\t\t<div class=\"elementor-element elementor-element-a108504 e-con-full e-flex e-con e-child\" data-id=\"a108504\" data-element_type=\"container\">\n\t\t<div class=\"elementor-element elementor-element-c3d1181 e-con-full elementor-hidden-mobile e-flex e-con e-child\" data-id=\"c3d1181\" data-element_type=\"container\">\n\t\t\t\t<div class=\"elementor-element elementor-element-7fbbb22 elementor-widget elementor-widget-heading\" data-id=\"7fbbb22\" data-element_type=\"widget\" data-widget_type=\"heading.default\">\n\t\t\t\t\t<h2 class=\"elementor-heading-title elementor-size-default\">Menu<\/h2>\t\t\t\t<\/div>\n\t\t<a class=\"elementor-element elementor-element-647027b e-grid e-transform e-con-boxed e-con e-child\" data-id=\"647027b\" data-element_type=\"container\" data-settings=\"{&quot;background_background&quot;:&quot;classic&quot;,&quot;_transform_scale_effect_hover&quot;:{&quot;unit&quot;:&quot;px&quot;,&quot;size&quot;:0.9,&quot;sizes&quot;:[]},&quot;_transform_scale_effect_hover_tablet&quot;:{&quot;unit&quot;:&quot;px&quot;,&quot;size&quot;:&quot;&quot;,&quot;sizes&quot;:[]},&quot;_transform_scale_effect_hover_mobile&quot;:{&quot;unit&quot;:&quot;px&quot;,&quot;size&quot;:&quot;&quot;,&quot;sizes&quot;:[]}}\" href=\"\/ca\/historia\/\">\n\t\t\t\t\t<div class=\"e-con-inner\">\n\t\t\t\t<div class=\"elementor-element elementor-element-de73cf8 elementor-widget elementor-widget-image\" data-id=\"de73cf8\" data-element_type=\"widget\" data-widget_type=\"image.default\">\n\t\t\t\t\t\t\t\t\t\t\t\t\t\t\t<img fetchpriority=\"high\" decoding=\"async\" width=\"500\" height=\"500\" src=\"https:\/\/forreria.com\/wp-content\/uploads\/2023\/09\/btn-fabrica.jpg\" class=\"attachment-large size-large wp-image-1287\" alt=\"\" srcset=\"https:\/\/forreria.com\/wp-content\/uploads\/2023\/09\/btn-fabrica.jpg 500w, https:\/\/forreria.com\/wp-content\/uploads\/2023\/09\/btn-fabrica-300x300.jpg 300w, https:\/\/forreria.com\/wp-content\/uploads\/2023\/09\/btn-fabrica-150x150.jpg 150w\" sizes=\"(max-width: 500px) 100vw, 500px\" \/>\t\t\t\t\t\t\t\t\t\t\t\t\t\t\t<\/div>\n\t\t\t\t<div class=\"elementor-element elementor-element-41378bf elementor-widget elementor-widget-heading\" data-id=\"41378bf\" data-element_type=\"widget\" data-widget_type=\"heading.default\">\n\t\t\t\t\t<h2 class=\"elementor-heading-title elementor-size-default\">Hist\u00f2ria<\/h2>\t\t\t\t<\/div>\n\t\t\t\t\t<\/div>\n\t\t\t\t<\/a>\n\t\t<a class=\"elementor-element elementor-element-a1c8207 e-grid e-transform e-con-boxed e-con e-child\" data-id=\"a1c8207\" data-element_type=\"container\" data-settings=\"{&quot;background_background&quot;:&quot;classic&quot;,&quot;_transform_scale_effect_hover&quot;:{&quot;unit&quot;:&quot;px&quot;,&quot;size&quot;:0.9,&quot;sizes&quot;:[]},&quot;_transform_scale_effect_hover_tablet&quot;:{&quot;unit&quot;:&quot;px&quot;,&quot;size&quot;:&quot;&quot;,&quot;sizes&quot;:[]},&quot;_transform_scale_effect_hover_mobile&quot;:{&quot;unit&quot;:&quot;px&quot;,&quot;size&quot;:&quot;&quot;,&quot;sizes&quot;:[]}}\" href=\"\/ca\/fabrica-propia\/\">\n\t\t\t\t\t<div class=\"e-con-inner\">\n\t\t\t\t<div class=\"elementor-element elementor-element-3031fda elementor-widget elementor-widget-image\" data-id=\"3031fda\" data-element_type=\"widget\" data-widget_type=\"image.default\">\n\t\t\t\t\t\t\t\t\t\t\t\t\t\t\t<img decoding=\"async\" width=\"200\" height=\"200\" src=\"https:\/\/forreria.com\/wp-content\/uploads\/2023\/08\/btn-fabrica.jpg\" class=\"attachment-large size-large wp-image-1193\" alt=\"\" srcset=\"https:\/\/forreria.com\/wp-content\/uploads\/2023\/08\/btn-fabrica.jpg 200w, https:\/\/forreria.com\/wp-content\/uploads\/2023\/08\/btn-fabrica-150x150.jpg 150w\" sizes=\"(max-width: 200px) 100vw, 200px\" \/>\t\t\t\t\t\t\t\t\t\t\t\t\t\t\t<\/div>\n\t\t\t\t<div class=\"elementor-element elementor-element-b202ec4 elementor-widget elementor-widget-heading\" data-id=\"b202ec4\" data-element_type=\"widget\" data-widget_type=\"heading.default\">\n\t\t\t\t\t<h2 class=\"elementor-heading-title elementor-size-default\">F\u00e0brica pr\u00f2pia<\/h2>\t\t\t\t<\/div>\n\t\t\t\t\t<\/div>\n\t\t\t\t<\/a>\n\t\t<a class=\"elementor-element elementor-element-ccc3669 e-grid e-transform e-con-boxed e-con e-child\" data-id=\"ccc3669\" data-element_type=\"container\" data-settings=\"{&quot;background_background&quot;:&quot;classic&quot;,&quot;_transform_scale_effect_hover&quot;:{&quot;unit&quot;:&quot;px&quot;,&quot;size&quot;:0.9,&quot;sizes&quot;:[]},&quot;_transform_scale_effect_hover_tablet&quot;:{&quot;unit&quot;:&quot;px&quot;,&quot;size&quot;:&quot;&quot;,&quot;sizes&quot;:[]},&quot;_transform_scale_effect_hover_mobile&quot;:{&quot;unit&quot;:&quot;px&quot;,&quot;size&quot;:&quot;&quot;,&quot;sizes&quot;:[]}}\" href=\"\/ca\/servei-control-de-qualitat\/\">\n\t\t\t\t\t<div class=\"e-con-inner\">\n\t\t\t\t<div class=\"elementor-element elementor-element-7efab40 elementor-widget elementor-widget-image\" data-id=\"7efab40\" data-element_type=\"widget\" data-widget_type=\"image.default\">\n\t\t\t\t\t\t\t\t\t\t\t\t\t\t\t<img decoding=\"async\" width=\"200\" height=\"200\" src=\"https:\/\/forreria.com\/wp-content\/uploads\/2023\/08\/btn-control-calidad.jpg\" class=\"attachment-large size-large wp-image-1205\" alt=\"\" srcset=\"https:\/\/forreria.com\/wp-content\/uploads\/2023\/08\/btn-control-calidad.jpg 200w, https:\/\/forreria.com\/wp-content\/uploads\/2023\/08\/btn-control-calidad-150x150.jpg 150w\" sizes=\"(max-width: 200px) 100vw, 200px\" \/>\t\t\t\t\t\t\t\t\t\t\t\t\t\t\t<\/div>\n\t\t\t\t<div class=\"elementor-element elementor-element-037d8d6 elementor-widget elementor-widget-heading\" data-id=\"037d8d6\" data-element_type=\"widget\" data-widget_type=\"heading.default\">\n\t\t\t\t\t<h2 class=\"elementor-heading-title elementor-size-default\">Control de qualidat<\/h2>\t\t\t\t<\/div>\n\t\t\t\t\t<\/div>\n\t\t\t\t<\/a>\n\t\t<a class=\"elementor-element elementor-element-f5de991 e-grid e-transform e-con-boxed e-con e-child\" data-id=\"f5de991\" data-element_type=\"container\" data-settings=\"{&quot;background_background&quot;:&quot;classic&quot;,&quot;_transform_scale_effect_hover&quot;:{&quot;unit&quot;:&quot;px&quot;,&quot;size&quot;:0.9,&quot;sizes&quot;:[]},&quot;_transform_scale_effect_hover_tablet&quot;:{&quot;unit&quot;:&quot;px&quot;,&quot;size&quot;:&quot;&quot;,&quot;sizes&quot;:[]},&quot;_transform_scale_effect_hover_mobile&quot;:{&quot;unit&quot;:&quot;px&quot;,&quot;size&quot;:&quot;&quot;,&quot;sizes&quot;:[]}}\" href=\"\/ca\/gamma-amplia-de-productes\/\">\n\t\t\t\t\t<div class=\"e-con-inner\">\n\t\t\t\t<div class=\"elementor-element elementor-element-110ca3c elementor-widget elementor-widget-image\" data-id=\"110ca3c\" data-element_type=\"widget\" data-widget_type=\"image.default\">\n\t\t\t\t\t\t\t\t\t\t\t\t\t\t\t<img loading=\"lazy\" decoding=\"async\" width=\"217\" height=\"217\" src=\"https:\/\/forreria.com\/wp-content\/uploads\/2023\/08\/btn-gama-de-productos.jpg\" class=\"attachment-large size-large wp-image-1209\" alt=\"\" srcset=\"https:\/\/forreria.com\/wp-content\/uploads\/2023\/08\/btn-gama-de-productos.jpg 217w, https:\/\/forreria.com\/wp-content\/uploads\/2023\/08\/btn-gama-de-productos-150x150.jpg 150w\" sizes=\"(max-width: 217px) 100vw, 217px\" \/>\t\t\t\t\t\t\t\t\t\t\t\t\t\t\t<\/div>\n\t\t\t\t<div class=\"elementor-element elementor-element-e042620 elementor-widget elementor-widget-heading\" data-id=\"e042620\" data-element_type=\"widget\" data-widget_type=\"heading.default\">\n\t\t\t\t\t<h2 class=\"elementor-heading-title elementor-size-default\">Gamma de <br> productes<\/h2>\t\t\t\t<\/div>\n\t\t\t\t\t<\/div>\n\t\t\t\t<\/a>\n\t\t<a class=\"elementor-element elementor-element-6e3dc53 e-grid e-transform e-con-boxed e-con e-child\" data-id=\"6e3dc53\" data-element_type=\"container\" data-settings=\"{&quot;background_background&quot;:&quot;classic&quot;,&quot;_transform_scale_effect_hover&quot;:{&quot;unit&quot;:&quot;px&quot;,&quot;size&quot;:0.9,&quot;sizes&quot;:[]},&quot;_transform_scale_effect_hover_tablet&quot;:{&quot;unit&quot;:&quot;px&quot;,&quot;size&quot;:&quot;&quot;,&quot;sizes&quot;:[]},&quot;_transform_scale_effect_hover_mobile&quot;:{&quot;unit&quot;:&quot;px&quot;,&quot;size&quot;:&quot;&quot;,&quot;sizes&quot;:[]}}\" href=\"\/ca\/stock-service-i-minims-reduits\/\">\n\t\t\t\t\t<div class=\"e-con-inner\">\n\t\t\t\t<div class=\"elementor-element elementor-element-cd488a8 elementor-widget elementor-widget-image\" data-id=\"cd488a8\" data-element_type=\"widget\" data-widget_type=\"image.default\">\n\t\t\t\t\t\t\t\t\t\t\t\t\t\t\t<img loading=\"lazy\" decoding=\"async\" width=\"200\" height=\"200\" src=\"https:\/\/forreria.com\/wp-content\/uploads\/2023\/08\/btn-Stock-Service.jpg\" class=\"attachment-large size-large wp-image-1223\" alt=\"\" srcset=\"https:\/\/forreria.com\/wp-content\/uploads\/2023\/08\/btn-Stock-Service.jpg 200w, https:\/\/forreria.com\/wp-content\/uploads\/2023\/08\/btn-Stock-Service-150x150.jpg 150w\" sizes=\"(max-width: 200px) 100vw, 200px\" \/>\t\t\t\t\t\t\t\t\t\t\t\t\t\t\t<\/div>\n\t\t\t\t<div class=\"elementor-element elementor-element-401a95c elementor-widget elementor-widget-heading\" data-id=\"401a95c\" data-element_type=\"widget\" data-widget_type=\"heading.default\">\n\t\t\t\t\t<h2 class=\"elementor-heading-title elementor-size-default\">Stock service<\/h2>\t\t\t\t<\/div>\n\t\t\t\t\t<\/div>\n\t\t\t\t<\/a>\n\t\t\t\t<\/div>\n\t\t\t\t<\/div>\n\t\t<div class=\"elementor-element elementor-element-47f9ca9 e-flex e-con-boxed e-con e-child\" data-id=\"47f9ca9\" data-element_type=\"container\">\n\t\t\t\t\t<div class=\"e-con-inner\">\n\t\t\t\t<div class=\"elementor-element elementor-element-66bf76f elementor-widget elementor-widget-heading\" data-id=\"66bf76f\" data-element_type=\"widget\" data-widget_type=\"heading.default\">\n\t\t\t\t\t<h1 class=\"elementor-heading-title elementor-size-default\">Gamma \u00e0mplia de productes<\/h1>\t\t\t\t<\/div>\n\t\t\t\t<div class=\"elementor-element elementor-element-ae3817a elementor-widget elementor-widget-text-editor\" data-id=\"ae3817a\" data-element_type=\"widget\" data-widget_type=\"text-editor.default\">\n\t\t\t\t\t\t\t\t\t<p>Explora un m\u00f3n de possibilitats amb la nostra selecci\u00f3 de materials de primera qualitat. Des de l&#8217;eleg\u00e0ncia natural de la viscosa fins a la durabilitat del poli\u00e8ster i la sofisticaci\u00f3 de l&#8217;acetat, hem seleccionat amb cura cada material per assegurar-nos que les teves creacions llueixin i se sentin excepcionals.<\/p>\t\t\t\t\t\t\t\t<\/div>\n\t\t\t\t<div class=\"elementor-element elementor-element-1608c1f elementor-widget elementor-widget-text-editor\" data-id=\"1608c1f\" data-element_type=\"widget\" data-widget_type=\"text-editor.default\">\n\t\t\t\t\t\t\t\t\t<a href=\"https:\/\/forreria.com\/wp-content\/uploads\/2023\/08\/img-oficinas.jpg\"><img loading=\"lazy\" decoding=\"async\" class=\"wp-image-1199 alignleft\" src=\"https:\/\/forreria.com\/wp-content\/uploads\/2023\/08\/img-oficinas-300x217.jpg\" alt=\"\" width=\"371\" height=\"268\" srcset=\"https:\/\/forreria.com\/wp-content\/uploads\/2023\/08\/img-oficinas-300x217.jpg 300w, https:\/\/forreria.com\/wp-content\/uploads\/2023\/08\/img-oficinas.jpg 700w\" sizes=\"(max-width: 371px) 100vw, 371px\" \/><\/a>\n\nEls nostres folres t\u00e8xtils estan disponibles en una \u00e0mplia varietat de lligaments i composicions, cadascun dissenyat per proporcionar una est\u00e8tica i un rendiment \u00fanics. Ja sigui que estiguis buscant la textura simple del tafet\u00e0, l&#8217;estructura elegant de la sarja o la brillantor luxosa del set\u00ed, la nostra col\u00b7lecci\u00f3 us ofereix opcions que complementaran els vostres dissenys.\t\t\t\t\t\t\t\t<\/div>\n\t\t\t\t<div class=\"elementor-element elementor-element-47db07b elementor-widget elementor-widget-text-editor\" data-id=\"47db07b\" data-element_type=\"widget\" data-widget_type=\"text-editor.default\">\n\t\t\t\t\t\t\t\t\t<p>Des dels intricats patrons Jacquard que afegeixen profunditat i dimensi\u00f3, fins als cl\u00e0ssics ratllats que mai no passen de moda i els vibrants estampats que expressen personalitat, els nostres dissenys capturen una \u00e0mplia gamma d&#8217;estils i gustos.<\/p>\t\t\t\t\t\t\t\t<\/div>\n\t\t<div class=\"elementor-element elementor-element-23e45df e-flex e-con-boxed e-con e-child\" data-id=\"23e45df\" data-element_type=\"container\">\n\t\t\t\t\t<div class=\"e-con-inner\">\n\t\t<div class=\"elementor-element elementor-element-8ece916 e-con-full e-flex e-con e-child\" data-id=\"8ece916\" data-element_type=\"container\">\n\t\t\t\t<div class=\"elementor-element elementor-element-6742cba elementor-widget elementor-widget-image\" data-id=\"6742cba\" data-element_type=\"widget\" data-widget_type=\"image.default\">\n\t\t\t\t\t\t\t\t\t\t\t\t\t\t\t\t<a href=\"https:\/\/forreria.com\/wp-content\/uploads\/2023\/08\/img-forros-colgados.jpg\" data-elementor-open-lightbox=\"yes\" data-elementor-lightbox-title=\"img-forros-colgados\" data-e-action-hash=\"#elementor-action%3Aaction%3Dlightbox%26settings%3DeyJpZCI6MTIwMSwidXJsIjoiaHR0cHM6XC9cL2ZvcnJlcmlhLmNvbVwvd3AtY29udGVudFwvdXBsb2Fkc1wvMjAyM1wvMDhcL2ltZy1mb3Jyb3MtY29sZ2Fkb3MuanBnIn0%3D\">\n\t\t\t\t\t\t\t<img loading=\"lazy\" decoding=\"async\" width=\"800\" height=\"563\" src=\"https:\/\/forreria.com\/wp-content\/uploads\/2023\/08\/img-forros-colgados.jpg\" class=\"attachment-large size-large wp-image-1201\" alt=\"\" srcset=\"https:\/\/forreria.com\/wp-content\/uploads\/2023\/08\/img-forros-colgados.jpg 800w, https:\/\/forreria.com\/wp-content\/uploads\/2023\/08\/img-forros-colgados-300x211.jpg 300w, https:\/\/forreria.com\/wp-content\/uploads\/2023\/08\/img-forros-colgados-768x540.jpg 768w\" sizes=\"(max-width: 800px) 100vw, 800px\" \/>\t\t\t\t\t\t\t\t<\/a>\n\t\t\t\t\t\t\t\t\t\t\t\t\t\t\t<\/div>\n\t\t\t\t<\/div>\n\t\t<div class=\"elementor-element elementor-element-bec536d e-con-full e-flex e-con e-child\" data-id=\"bec536d\" data-element_type=\"container\">\n\t\t\t\t<div class=\"elementor-element elementor-element-47c232a elementor-widget elementor-widget-image\" data-id=\"47c232a\" data-element_type=\"widget\" data-widget_type=\"image.default\">\n\t\t\t\t\t\t\t\t\t\t\t\t\t\t\t\t<a href=\"https:\/\/forreria.com\/wp-content\/uploads\/2023\/08\/img-modelos-trajes.jpg\" data-elementor-open-lightbox=\"yes\" data-elementor-lightbox-title=\"img-modelos-trajes\" data-e-action-hash=\"#elementor-action%3Aaction%3Dlightbox%26settings%3DeyJpZCI6MTIwMywidXJsIjoiaHR0cHM6XC9cL2ZvcnJlcmlhLmNvbVwvd3AtY29udGVudFwvdXBsb2Fkc1wvMjAyM1wvMDhcL2ltZy1tb2RlbG9zLXRyYWplcy5qcGcifQ%3D%3D\">\n\t\t\t\t\t\t\t<img loading=\"lazy\" decoding=\"async\" width=\"800\" height=\"538\" src=\"https:\/\/forreria.com\/wp-content\/uploads\/2023\/08\/img-modelos-trajes.jpg\" class=\"attachment-large size-large wp-image-1203\" alt=\"\" srcset=\"https:\/\/forreria.com\/wp-content\/uploads\/2023\/08\/img-modelos-trajes.jpg 800w, https:\/\/forreria.com\/wp-content\/uploads\/2023\/08\/img-modelos-trajes-300x202.jpg 300w, https:\/\/forreria.com\/wp-content\/uploads\/2023\/08\/img-modelos-trajes-768x516.jpg 768w\" sizes=\"(max-width: 800px) 100vw, 800px\" \/>\t\t\t\t\t\t\t\t<\/a>\n\t\t\t\t\t\t\t\t\t\t\t\t\t\t\t<\/div>\n\t\t\t\t<\/div>\n\t\t\t\t\t<\/div>\n\t\t\t\t<\/div>\n\t\t\t\t<div class=\"elementor-element elementor-element-5397833 elementor-widget elementor-widget-text-editor\" data-id=\"5397833\" data-element_type=\"widget\" data-widget_type=\"text-editor.default\">\n\t\t\t\t\t\t\t\t\t<p>Entenem que cada projecte \u00e9s \u00fanic, per aix\u00f2 oferim opcions de presentaci\u00f3 que s&#8217;ajusten a les teves necessitats. Els nostres folres t\u00e8xtils estan disponibles en presentaci\u00f3 en tub a l&#8217;amplada i plegats a llom. T&#8217;oferim metratges a partir de 25 metres perqu\u00e8 puguis triar la quantitat perfecta pels teus projectes.<\/p>\t\t\t\t\t\t\t\t<\/div>\n\t\t\t\t\t<\/div>\n\t\t\t\t<\/div>\n\t\t\t\t\t<\/div>\n\t\t\t\t<\/div>\n\t\t\t\t<\/div>\n\t\t","protected":false},"excerpt":{"rendered":"<p>Menu Hist\u00f2ria F\u00e0brica pr\u00f2pia Control de qualidat Gamma de productes Stock service Explora un m\u00f3n de possibilitats amb la nostra selecci\u00f3 de materials de primera qualitat. Des de l&#8217;eleg\u00e0ncia natural de la viscosa fins a la durabilitat del poli\u00e8ster i la sofisticaci\u00f3 de l&#8217;acetat, hem seleccionat amb cura cada material per assegurar-nos que les teves [&hellip;]<\/p>\n","protected":false},"author":1,"featured_media":0,"parent":0,"menu_order":0,"comment_status":"closed","ping_status":"closed","template":"","meta":{"site-sidebar-layout":"no-sidebar","site-content-layout":"page-builder","ast-site-content-layout":"default","site-content-style":"default","site-sidebar-style":"default","ast-global-header-display":"","ast-banner-title-visibility":"","ast-main-header-display":"","ast-hfb-above-header-display":"","ast-hfb-below-header-display":"","ast-hfb-mobile-header-display":"","site-post-title":"disabled","ast-breadcrumbs-content":"","ast-featured-img":"disabled","footer-sml-layout":"","ast-disable-related-posts":"","theme-transparent-header-meta":"default","adv-header-id-meta":"","stick-header-meta":"","header-above-stick-meta":"","header-main-stick-meta":"","header-below-stick-meta":"","astra-migrate-meta-layouts":"set","ast-page-background-enabled":"default","ast-page-background-meta":{"desktop":{"background-color":"var(--ast-global-color-4)","background-image":"","background-repeat":"repeat","background-position":"center center","background-size":"auto","background-attachment":"scroll","background-type":"","background-media":"","overlay-type":"","overlay-color":"","overlay-opacity":"","overlay-gradient":""},"tablet":{"background-color":"","background-image":"","background-repeat":"repeat","background-position":"center center","background-size":"auto","background-attachment":"scroll","background-type":"","background-media":"","overlay-type":"","overlay-color":"","overlay-opacity":"","overlay-gradient":""},"mobile":{"background-color":"","background-image":"","background-repeat":"repeat","background-position":"center center","background-size":"auto","background-attachment":"scroll","background-type":"","background-media":"","overlay-type":"","overlay-color":"","overlay-opacity":"","overlay-gradient":""}},"ast-content-background-meta":{"desktop":{"background-color":"var(--ast-global-color-5)","background-image":"","background-repeat":"repeat","background-position":"center center","background-size":"auto","background-attachment":"scroll","background-type":"","background-media":"","overlay-type":"","overlay-color":"","overlay-opacity":"","overlay-gradient":""},"tablet":{"background-color":"var(--ast-global-color-5)","background-image":"","background-repeat":"repeat","background-position":"center center","background-size":"auto","background-attachment":"scroll","background-type":"","background-media":"","overlay-type":"","overlay-color":"","overlay-opacity":"","overlay-gradient":""},"mobile":{"background-color":"var(--ast-global-color-5)","background-image":"","background-repeat":"repeat","background-position":"center center","background-size":"auto","background-attachment":"scroll","background-type":"","background-media":"","overlay-type":"","overlay-color":"","overlay-opacity":"","overlay-gradient":""}},"footnotes":""},"class_list":["post-1578","page","type-page","status-publish","hentry"],"_links":{"self":[{"href":"https:\/\/forreria.com\/ca\/wp-json\/wp\/v2\/pages\/1578","targetHints":{"allow":["GET"]}}],"collection":[{"href":"https:\/\/forreria.com\/ca\/wp-json\/wp\/v2\/pages"}],"about":[{"href":"https:\/\/forreria.com\/ca\/wp-json\/wp\/v2\/types\/page"}],"author":[{"embeddable":true,"href":"https:\/\/forreria.com\/ca\/wp-json\/wp\/v2\/users\/1"}],"replies":[{"embeddable":true,"href":"https:\/\/forreria.com\/ca\/wp-json\/wp\/v2\/comments?post=1578"}],"version-history":[{"count":0,"href":"https:\/\/forreria.com\/ca\/wp-json\/wp\/v2\/pages\/1578\/revisions"}],"wp:attachment":[{"href":"https:\/\/forreria.com\/ca\/wp-json\/wp\/v2\/media?parent=1578"}],"curies":[{"name":"wp","href":"https:\/\/api.w.org\/{rel}","templated":true}]}}