{"id":1583,"date":"2023-08-14T15:35:56","date_gmt":"2023-08-14T13:35:56","guid":{"rendered":"https:\/\/forreria.com\/?page_id=1583"},"modified":"2023-10-04T10:39:04","modified_gmt":"2023-10-04T08:39:04","slug":"stock-service-i-minims-reduits","status":"publish","type":"page","link":"https:\/\/forreria.com\/ca\/stock-service-i-minims-reduits\/","title":{"rendered":"Stock service i m\u00ednims redu\u00efts"},"content":{"rendered":"\t\t<div data-elementor-type=\"wp-page\" data-elementor-id=\"1583\" class=\"elementor elementor-1583 elementor-197\" data-elementor-post-type=\"page\">\n\t\t\t\t<div class=\"elementor-element elementor-element-2076af89 e-flex e-con-boxed e-con e-parent\" data-id=\"2076af89\" data-element_type=\"container\">\n\t\t\t\t\t<div class=\"e-con-inner\">\n\t\t<div class=\"elementor-element elementor-element-570b21c5 e-con-full e-flex e-con e-child\" data-id=\"570b21c5\" data-element_type=\"container\">\n\t\t<div class=\"elementor-element elementor-element-f2083ab e-con-full elementor-hidden-mobile e-flex e-con e-child\" data-id=\"f2083ab\" data-element_type=\"container\">\n\t\t\t\t<div class=\"elementor-element elementor-element-e311164 elementor-widget elementor-widget-heading\" data-id=\"e311164\" data-element_type=\"widget\" data-widget_type=\"heading.default\">\n\t\t\t\t\t<h2 class=\"elementor-heading-title elementor-size-default\">Menu<\/h2>\t\t\t\t<\/div>\n\t\t<a class=\"elementor-element elementor-element-acfdbd7 e-grid e-transform e-con-boxed e-con e-child\" data-id=\"acfdbd7\" data-element_type=\"container\" data-settings=\"{&quot;background_background&quot;:&quot;classic&quot;,&quot;_transform_scale_effect_hover&quot;:{&quot;unit&quot;:&quot;px&quot;,&quot;size&quot;:0.9,&quot;sizes&quot;:[]},&quot;_transform_scale_effect_hover_tablet&quot;:{&quot;unit&quot;:&quot;px&quot;,&quot;size&quot;:&quot;&quot;,&quot;sizes&quot;:[]},&quot;_transform_scale_effect_hover_mobile&quot;:{&quot;unit&quot;:&quot;px&quot;,&quot;size&quot;:&quot;&quot;,&quot;sizes&quot;:[]}}\" href=\"\/ca\/historia\/\">\n\t\t\t\t\t<div class=\"e-con-inner\">\n\t\t\t\t<div class=\"elementor-element elementor-element-839ff59 elementor-widget elementor-widget-image\" data-id=\"839ff59\" data-element_type=\"widget\" data-widget_type=\"image.default\">\n\t\t\t\t\t\t\t\t\t\t\t\t\t\t\t<img fetchpriority=\"high\" decoding=\"async\" width=\"500\" height=\"500\" src=\"https:\/\/forreria.com\/wp-content\/uploads\/2023\/09\/btn-fabrica.jpg\" class=\"attachment-large size-large wp-image-1287\" alt=\"\" srcset=\"https:\/\/forreria.com\/wp-content\/uploads\/2023\/09\/btn-fabrica.jpg 500w, https:\/\/forreria.com\/wp-content\/uploads\/2023\/09\/btn-fabrica-300x300.jpg 300w, https:\/\/forreria.com\/wp-content\/uploads\/2023\/09\/btn-fabrica-150x150.jpg 150w\" sizes=\"(max-width: 500px) 100vw, 500px\" \/>\t\t\t\t\t\t\t\t\t\t\t\t\t\t\t<\/div>\n\t\t\t\t<div class=\"elementor-element elementor-element-b4439d3 elementor-widget elementor-widget-heading\" data-id=\"b4439d3\" data-element_type=\"widget\" data-widget_type=\"heading.default\">\n\t\t\t\t\t<h2 class=\"elementor-heading-title elementor-size-default\">Hist\u00f2ria<\/h2>\t\t\t\t<\/div>\n\t\t\t\t\t<\/div>\n\t\t\t\t<\/a>\n\t\t<a class=\"elementor-element elementor-element-7c55609 e-grid e-transform e-con-boxed e-con e-child\" data-id=\"7c55609\" data-element_type=\"container\" data-settings=\"{&quot;background_background&quot;:&quot;classic&quot;,&quot;_transform_scale_effect_hover&quot;:{&quot;unit&quot;:&quot;px&quot;,&quot;size&quot;:0.9,&quot;sizes&quot;:[]},&quot;_transform_scale_effect_hover_tablet&quot;:{&quot;unit&quot;:&quot;px&quot;,&quot;size&quot;:&quot;&quot;,&quot;sizes&quot;:[]},&quot;_transform_scale_effect_hover_mobile&quot;:{&quot;unit&quot;:&quot;px&quot;,&quot;size&quot;:&quot;&quot;,&quot;sizes&quot;:[]}}\" href=\"\/ca\/fabrica-propia\/\">\n\t\t\t\t\t<div class=\"e-con-inner\">\n\t\t\t\t<div class=\"elementor-element elementor-element-65fa895 elementor-widget elementor-widget-image\" data-id=\"65fa895\" data-element_type=\"widget\" data-widget_type=\"image.default\">\n\t\t\t\t\t\t\t\t\t\t\t\t\t\t\t<img decoding=\"async\" width=\"200\" height=\"200\" src=\"https:\/\/forreria.com\/wp-content\/uploads\/2023\/08\/btn-fabrica.jpg\" class=\"attachment-large size-large wp-image-1193\" alt=\"\" srcset=\"https:\/\/forreria.com\/wp-content\/uploads\/2023\/08\/btn-fabrica.jpg 200w, https:\/\/forreria.com\/wp-content\/uploads\/2023\/08\/btn-fabrica-150x150.jpg 150w\" sizes=\"(max-width: 200px) 100vw, 200px\" \/>\t\t\t\t\t\t\t\t\t\t\t\t\t\t\t<\/div>\n\t\t\t\t<div class=\"elementor-element elementor-element-cfd2f7a elementor-widget elementor-widget-heading\" data-id=\"cfd2f7a\" data-element_type=\"widget\" data-widget_type=\"heading.default\">\n\t\t\t\t\t<h2 class=\"elementor-heading-title elementor-size-default\">F\u00e0brica pr\u00f2pia<\/h2>\t\t\t\t<\/div>\n\t\t\t\t\t<\/div>\n\t\t\t\t<\/a>\n\t\t<a class=\"elementor-element elementor-element-00da035 e-grid e-transform e-con-boxed e-con e-child\" data-id=\"00da035\" data-element_type=\"container\" data-settings=\"{&quot;background_background&quot;:&quot;classic&quot;,&quot;_transform_scale_effect_hover&quot;:{&quot;unit&quot;:&quot;px&quot;,&quot;size&quot;:0.9,&quot;sizes&quot;:[]},&quot;_transform_scale_effect_hover_tablet&quot;:{&quot;unit&quot;:&quot;px&quot;,&quot;size&quot;:&quot;&quot;,&quot;sizes&quot;:[]},&quot;_transform_scale_effect_hover_mobile&quot;:{&quot;unit&quot;:&quot;px&quot;,&quot;size&quot;:&quot;&quot;,&quot;sizes&quot;:[]}}\" href=\"\/ca\/servei-control-de-qualitat\/\">\n\t\t\t\t\t<div class=\"e-con-inner\">\n\t\t\t\t<div class=\"elementor-element elementor-element-fd02b66 elementor-widget elementor-widget-image\" data-id=\"fd02b66\" data-element_type=\"widget\" data-widget_type=\"image.default\">\n\t\t\t\t\t\t\t\t\t\t\t\t\t\t\t<img decoding=\"async\" width=\"200\" height=\"200\" src=\"https:\/\/forreria.com\/wp-content\/uploads\/2023\/08\/btn-control-calidad.jpg\" class=\"attachment-large size-large wp-image-1205\" alt=\"\" srcset=\"https:\/\/forreria.com\/wp-content\/uploads\/2023\/08\/btn-control-calidad.jpg 200w, https:\/\/forreria.com\/wp-content\/uploads\/2023\/08\/btn-control-calidad-150x150.jpg 150w\" sizes=\"(max-width: 200px) 100vw, 200px\" \/>\t\t\t\t\t\t\t\t\t\t\t\t\t\t\t<\/div>\n\t\t\t\t<div class=\"elementor-element elementor-element-fe72e80 elementor-widget elementor-widget-heading\" data-id=\"fe72e80\" data-element_type=\"widget\" data-widget_type=\"heading.default\">\n\t\t\t\t\t<h2 class=\"elementor-heading-title elementor-size-default\">Control de qualitat<\/h2>\t\t\t\t<\/div>\n\t\t\t\t\t<\/div>\n\t\t\t\t<\/a>\n\t\t<a class=\"elementor-element elementor-element-916e3d2 e-grid e-transform e-con-boxed e-con e-child\" data-id=\"916e3d2\" data-element_type=\"container\" data-settings=\"{&quot;background_background&quot;:&quot;classic&quot;,&quot;_transform_scale_effect_hover&quot;:{&quot;unit&quot;:&quot;px&quot;,&quot;size&quot;:0.9,&quot;sizes&quot;:[]},&quot;_transform_scale_effect_hover_tablet&quot;:{&quot;unit&quot;:&quot;px&quot;,&quot;size&quot;:&quot;&quot;,&quot;sizes&quot;:[]},&quot;_transform_scale_effect_hover_mobile&quot;:{&quot;unit&quot;:&quot;px&quot;,&quot;size&quot;:&quot;&quot;,&quot;sizes&quot;:[]}}\" href=\"\/ca\/gamma-amplia-de-productes\/\">\n\t\t\t\t\t<div class=\"e-con-inner\">\n\t\t\t\t<div class=\"elementor-element elementor-element-4310465 elementor-widget elementor-widget-image\" data-id=\"4310465\" data-element_type=\"widget\" data-widget_type=\"image.default\">\n\t\t\t\t\t\t\t\t\t\t\t\t\t\t\t<img loading=\"lazy\" decoding=\"async\" width=\"217\" height=\"217\" src=\"https:\/\/forreria.com\/wp-content\/uploads\/2023\/08\/btn-gama-de-productos.jpg\" class=\"attachment-large size-large wp-image-1209\" alt=\"\" srcset=\"https:\/\/forreria.com\/wp-content\/uploads\/2023\/08\/btn-gama-de-productos.jpg 217w, https:\/\/forreria.com\/wp-content\/uploads\/2023\/08\/btn-gama-de-productos-150x150.jpg 150w\" sizes=\"(max-width: 217px) 100vw, 217px\" \/>\t\t\t\t\t\t\t\t\t\t\t\t\t\t\t<\/div>\n\t\t\t\t<div class=\"elementor-element elementor-element-ebd7087 elementor-widget elementor-widget-heading\" data-id=\"ebd7087\" data-element_type=\"widget\" data-widget_type=\"heading.default\">\n\t\t\t\t\t<h2 class=\"elementor-heading-title elementor-size-default\">Gamma de <br> productes<\/h2>\t\t\t\t<\/div>\n\t\t\t\t\t<\/div>\n\t\t\t\t<\/a>\n\t\t<a class=\"elementor-element elementor-element-286bd90 e-grid e-transform e-con-boxed e-con e-child\" data-id=\"286bd90\" data-element_type=\"container\" data-settings=\"{&quot;background_background&quot;:&quot;classic&quot;,&quot;_transform_scale_effect_hover&quot;:{&quot;unit&quot;:&quot;px&quot;,&quot;size&quot;:0.9,&quot;sizes&quot;:[]},&quot;_transform_scale_effect_hover_tablet&quot;:{&quot;unit&quot;:&quot;px&quot;,&quot;size&quot;:&quot;&quot;,&quot;sizes&quot;:[]},&quot;_transform_scale_effect_hover_mobile&quot;:{&quot;unit&quot;:&quot;px&quot;,&quot;size&quot;:&quot;&quot;,&quot;sizes&quot;:[]}}\" href=\"\/ca\/stock-service-i-minims-reduits\/\">\n\t\t\t\t\t<div class=\"e-con-inner\">\n\t\t\t\t<div class=\"elementor-element elementor-element-60473b4 elementor-widget elementor-widget-image\" data-id=\"60473b4\" data-element_type=\"widget\" data-widget_type=\"image.default\">\n\t\t\t\t\t\t\t\t\t\t\t\t\t\t\t<img loading=\"lazy\" decoding=\"async\" width=\"200\" height=\"200\" src=\"https:\/\/forreria.com\/wp-content\/uploads\/2023\/08\/btn-Stock-Service.jpg\" class=\"attachment-large size-large wp-image-1223\" alt=\"\" srcset=\"https:\/\/forreria.com\/wp-content\/uploads\/2023\/08\/btn-Stock-Service.jpg 200w, https:\/\/forreria.com\/wp-content\/uploads\/2023\/08\/btn-Stock-Service-150x150.jpg 150w\" sizes=\"(max-width: 200px) 100vw, 200px\" \/>\t\t\t\t\t\t\t\t\t\t\t\t\t\t\t<\/div>\n\t\t\t\t<div class=\"elementor-element elementor-element-8ad8fb8 elementor-widget elementor-widget-heading\" data-id=\"8ad8fb8\" data-element_type=\"widget\" data-widget_type=\"heading.default\">\n\t\t\t\t\t<h2 class=\"elementor-heading-title elementor-size-default\">Stock service<\/h2>\t\t\t\t<\/div>\n\t\t\t\t\t<\/div>\n\t\t\t\t<\/a>\n\t\t\t\t<\/div>\n\t\t\t\t<\/div>\n\t\t<div class=\"elementor-element elementor-element-12a63e26 e-con-full e-flex e-con e-child\" data-id=\"12a63e26\" data-element_type=\"container\">\n\t\t\t\t<div class=\"elementor-element elementor-element-293cf1ad elementor-widget elementor-widget-heading\" data-id=\"293cf1ad\" data-element_type=\"widget\" data-widget_type=\"heading.default\">\n\t\t\t\t\t<h1 class=\"elementor-heading-title elementor-size-default\">Stock service i m\u00ednims redu\u00efts<\/h1>\t\t\t\t<\/div>\n\t\t<div class=\"elementor-element elementor-element-56df559c e-con-full e-flex e-con e-child\" data-id=\"56df559c\" data-element_type=\"container\">\n\t\t<div class=\"elementor-element elementor-element-54a9643 e-con-full e-flex e-con e-child\" data-id=\"54a9643\" data-element_type=\"container\">\n\t\t<div class=\"elementor-element elementor-element-fd7c3f5 e-con-full e-flex e-con e-child\" data-id=\"fd7c3f5\" data-element_type=\"container\">\n\t\t\t\t<div class=\"elementor-element elementor-element-c847764 elementor-widget elementor-widget-text-editor\" data-id=\"c847764\" data-element_type=\"widget\" data-widget_type=\"text-editor.default\">\n\t\t\t\t\t\t\t\t\t<p>Entenem la import\u00e0ncia de la flexibilitat i la immediatesa a la ind\u00fastria t\u00e8xtil. \u00c9s per aix\u00f2 que presentem el nostre excepcional Servei des de Stock (Stock Service).<\/p>\t\t\t\t\t\t\t\t<\/div>\n\t\t\t\t<\/div>\n\t\t<div class=\"elementor-element elementor-element-f5f6f26 e-con-full e-flex e-con e-child\" data-id=\"f5f6f26\" data-element_type=\"container\">\n\t\t\t\t<div class=\"elementor-element elementor-element-8a54462 elementor-widget elementor-widget-image\" data-id=\"8a54462\" data-element_type=\"widget\" data-widget_type=\"image.default\">\n\t\t\t\t\t\t\t\t\t\t\t\t\t\t\t\t<a href=\"https:\/\/forreria.com\/wp-content\/uploads\/2023\/08\/img-muetra-cartas-colores.jpg\" data-elementor-open-lightbox=\"yes\" data-elementor-lightbox-title=\"img-muetra-cartas-colores\" data-e-action-hash=\"#elementor-action%3Aaction%3Dlightbox%26settings%3DeyJpZCI6MTIxNywidXJsIjoiaHR0cHM6XC9cL2ZvcnJlcmlhLmNvbVwvd3AtY29udGVudFwvdXBsb2Fkc1wvMjAyM1wvMDhcL2ltZy1tdWV0cmEtY2FydGFzLWNvbG9yZXMuanBnIn0%3D\">\n\t\t\t\t\t\t\t<img loading=\"lazy\" decoding=\"async\" width=\"800\" height=\"600\" src=\"https:\/\/forreria.com\/wp-content\/uploads\/2023\/08\/img-muetra-cartas-colores.jpg\" class=\"attachment-large size-large wp-image-1217\" alt=\"\" srcset=\"https:\/\/forreria.com\/wp-content\/uploads\/2023\/08\/img-muetra-cartas-colores.jpg 800w, https:\/\/forreria.com\/wp-content\/uploads\/2023\/08\/img-muetra-cartas-colores-300x225.jpg 300w, https:\/\/forreria.com\/wp-content\/uploads\/2023\/08\/img-muetra-cartas-colores-768x576.jpg 768w\" sizes=\"(max-width: 800px) 100vw, 800px\" \/>\t\t\t\t\t\t\t\t<\/a>\n\t\t\t\t\t\t\t\t\t\t\t\t\t\t\t<\/div>\n\t\t\t\t<\/div>\n\t\t\t\t<\/div>\n\t\t\t\t<div class=\"elementor-element elementor-element-2e63f60a elementor-invisible elementor-widget elementor-widget-text-editor\" data-id=\"2e63f60a\" data-element_type=\"widget\" data-settings=\"{&quot;_animation&quot;:&quot;fadeInUp&quot;}\" data-widget_type=\"text-editor.default\">\n\t\t\t\t\t\t\t\t\t<p>El nostre Servei immediat \u00e9s la clau del nostre \u00e8xit i, el que \u00e9s m\u00e9s important, el motor de la vostra satisfacci\u00f3. Quan tries una col\u00b7lecci\u00f3, est\u00e0s escollint un lliurament sense retards. El nostre magatzem sempre est\u00e0 llest per enviar els productes que necessites, quan els necessites. Comandes m\u00ednimes de tan sols 25 metres. Aquest llindar redu\u00eft us brinda la flexibilitat d&#8217;obtenir exactament la quantitat que necessiteu, sense comprometre la qualitat ni el servei.<\/p>\t\t\t\t\t\t\t\t<\/div>\n\t\t\t\t<div class=\"elementor-element elementor-element-9a349a9 elementor-widget elementor-widget-image\" data-id=\"9a349a9\" data-element_type=\"widget\" data-widget_type=\"image.default\">\n\t\t\t\t\t\t\t\t\t\t\t\t\t\t\t\t<a href=\"https:\/\/forreria.com\/wp-content\/uploads\/2023\/08\/catalogo-03.jpg\" data-elementor-open-lightbox=\"yes\" data-elementor-lightbox-title=\"catalogo-03\" data-e-action-hash=\"#elementor-action%3Aaction%3Dlightbox%26settings%3DeyJpZCI6MTIyMSwidXJsIjoiaHR0cHM6XC9cL2ZvcnJlcmlhLmNvbVwvd3AtY29udGVudFwvdXBsb2Fkc1wvMjAyM1wvMDhcL2NhdGFsb2dvLTAzLmpwZyJ9\">\n\t\t\t\t\t\t\t<img loading=\"lazy\" decoding=\"async\" width=\"800\" height=\"400\" src=\"https:\/\/forreria.com\/wp-content\/uploads\/2023\/08\/catalogo-03.jpg\" class=\"attachment-large size-large wp-image-1221\" alt=\"\" srcset=\"https:\/\/forreria.com\/wp-content\/uploads\/2023\/08\/catalogo-03.jpg 800w, https:\/\/forreria.com\/wp-content\/uploads\/2023\/08\/catalogo-03-300x150.jpg 300w, https:\/\/forreria.com\/wp-content\/uploads\/2023\/08\/catalogo-03-768x384.jpg 768w\" sizes=\"(max-width: 800px) 100vw, 800px\" \/>\t\t\t\t\t\t\t\t<\/a>\n\t\t\t\t\t\t\t\t\t\t\t\t\t\t\t<\/div>\n\t\t\t\t<div class=\"elementor-element elementor-element-0b08746 elementor-invisible elementor-widget elementor-widget-text-editor\" data-id=\"0b08746\" data-element_type=\"widget\" data-settings=\"{&quot;_animation&quot;:&quot;fadeInUp&quot;}\" data-widget_type=\"text-editor.default\">\n\t\t\t\t\t\t\t\t\t<p>El nostre Servei immediat \u00e9s la clau del nostre \u00e8xit i, el que \u00e9s m\u00e9s important, el motor de la vostra satisfacci\u00f3. Quan tries una col\u00b7lecci\u00f3, est\u00e0s escollint un lliurament sense retards. El nostre magatzem sempre est\u00e0 llest per enviar els productes que necessites, quan els necessites. Comandes m\u00ednimes de tan sols 25 metres. Aquest llindar redu\u00eft us brinda la flexibilitat d&#8217;obtenir exactament la quantitat que necessiteu, sense comprometre la qualitat ni el servei.<\/p><p>Si necessites quantitats m\u00e9s petites, pots adre\u00e7ar-te a la botiga online <a href=\"https:\/\/idflining.com\" target=\"_blank\" rel=\"noopener\">idflining.com<\/a> on trobar\u00e0s all\u00f2 que est\u00e0s buscant.<\/p>\t\t\t\t\t\t\t\t<\/div>\n\t\t<div class=\"elementor-element elementor-element-71a03e21 e-con-full e-flex e-con e-child\" data-id=\"71a03e21\" data-element_type=\"container\">\n\t\t<div class=\"elementor-element elementor-element-1d8a4a54 e-con-full e-flex e-con e-child\" data-id=\"1d8a4a54\" data-element_type=\"container\">\n\t\t\t\t<div class=\"elementor-element elementor-element-9420403 elementor-widget elementor-widget-image\" data-id=\"9420403\" data-element_type=\"widget\" data-widget_type=\"image.default\">\n\t\t\t\t\t\t\t\t\t\t\t\t\t\t\t\t<a href=\"https:\/\/forreria.com\/wp-content\/uploads\/2023\/08\/catalogo-01.jpg\" data-elementor-open-lightbox=\"yes\" data-elementor-lightbox-title=\"catalogo-01\" data-e-action-hash=\"#elementor-action%3Aaction%3Dlightbox%26settings%3DeyJpZCI6MTIxOSwidXJsIjoiaHR0cHM6XC9cL2ZvcnJlcmlhLmNvbVwvd3AtY29udGVudFwvdXBsb2Fkc1wvMjAyM1wvMDhcL2NhdGFsb2dvLTAxLmpwZyJ9\">\n\t\t\t\t\t\t\t<img loading=\"lazy\" decoding=\"async\" width=\"800\" height=\"400\" src=\"https:\/\/forreria.com\/wp-content\/uploads\/2023\/08\/catalogo-01.jpg\" class=\"attachment-large size-large wp-image-1219\" alt=\"\" srcset=\"https:\/\/forreria.com\/wp-content\/uploads\/2023\/08\/catalogo-01.jpg 800w, https:\/\/forreria.com\/wp-content\/uploads\/2023\/08\/catalogo-01-300x150.jpg 300w, https:\/\/forreria.com\/wp-content\/uploads\/2023\/08\/catalogo-01-768x384.jpg 768w\" sizes=\"(max-width: 800px) 100vw, 800px\" \/>\t\t\t\t\t\t\t\t<\/a>\n\t\t\t\t\t\t\t\t\t\t\t\t\t\t\t<\/div>\n\t\t\t\t<\/div>\n\t\t<div class=\"elementor-element elementor-element-240240bf e-con-full e-flex e-con e-child\" data-id=\"240240bf\" data-element_type=\"container\">\n\t\t\t\t<div class=\"elementor-element elementor-element-fac979f elementor-widget elementor-widget-image\" data-id=\"fac979f\" data-element_type=\"widget\" data-widget_type=\"image.default\">\n\t\t\t\t\t\t\t\t\t\t\t\t\t\t\t\t<a href=\"https:\/\/forreria.com\/wp-content\/uploads\/2023\/08\/catalogo-02.jpg\" data-elementor-open-lightbox=\"yes\" data-elementor-lightbox-title=\"catalogo-02\" data-e-action-hash=\"#elementor-action%3Aaction%3Dlightbox%26settings%3DeyJpZCI6MTIxNSwidXJsIjoiaHR0cHM6XC9cL2ZvcnJlcmlhLmNvbVwvd3AtY29udGVudFwvdXBsb2Fkc1wvMjAyM1wvMDhcL2NhdGFsb2dvLTAyLmpwZyJ9\">\n\t\t\t\t\t\t\t<img loading=\"lazy\" decoding=\"async\" width=\"800\" height=\"400\" src=\"https:\/\/forreria.com\/wp-content\/uploads\/2023\/08\/catalogo-02.jpg\" class=\"attachment-large size-large wp-image-1215\" alt=\"\" srcset=\"https:\/\/forreria.com\/wp-content\/uploads\/2023\/08\/catalogo-02.jpg 800w, https:\/\/forreria.com\/wp-content\/uploads\/2023\/08\/catalogo-02-300x150.jpg 300w, https:\/\/forreria.com\/wp-content\/uploads\/2023\/08\/catalogo-02-768x384.jpg 768w\" sizes=\"(max-width: 800px) 100vw, 800px\" \/>\t\t\t\t\t\t\t\t<\/a>\n\t\t\t\t\t\t\t\t\t\t\t\t\t\t\t<\/div>\n\t\t\t\t<\/div>\n\t\t\t\t<\/div>\n\t\t\t\t<\/div>\n\t\t\t\t<\/div>\n\t\t\t\t\t<\/div>\n\t\t\t\t<\/div>\n\t\t\t\t<\/div>\n\t\t","protected":false},"excerpt":{"rendered":"<p>Menu Hist\u00f2ria F\u00e0brica pr\u00f2pia Control de qualitat Gamma de productes Stock service Entenem la import\u00e0ncia de la flexibilitat i la immediatesa a la ind\u00fastria t\u00e8xtil. \u00c9s per aix\u00f2 que presentem el nostre excepcional Servei des de Stock (Stock Service). El nostre Servei immediat \u00e9s la clau del nostre \u00e8xit i, el que \u00e9s m\u00e9s important, [&hellip;]<\/p>\n","protected":false},"author":1,"featured_media":0,"parent":0,"menu_order":0,"comment_status":"closed","ping_status":"closed","template":"","meta":{"site-sidebar-layout":"no-sidebar","site-content-layout":"page-builder","ast-site-content-layout":"default","site-content-style":"default","site-sidebar-style":"default","ast-global-header-display":"","ast-banner-title-visibility":"","ast-main-header-display":"","ast-hfb-above-header-display":"","ast-hfb-below-header-display":"","ast-hfb-mobile-header-display":"","site-post-title":"disabled","ast-breadcrumbs-content":"","ast-featured-img":"disabled","footer-sml-layout":"","ast-disable-related-posts":"","theme-transparent-header-meta":"","adv-header-id-meta":"","stick-header-meta":"","header-above-stick-meta":"","header-main-stick-meta":"","header-below-stick-meta":"","astra-migrate-meta-layouts":"set","ast-page-background-enabled":"default","ast-page-background-meta":{"desktop":{"background-color":"var(--ast-global-color-4)","background-image":"","background-repeat":"repeat","background-position":"center center","background-size":"auto","background-attachment":"scroll","background-type":"","background-media":"","overlay-type":"","overlay-color":"","overlay-opacity":"","overlay-gradient":""},"tablet":{"background-color":"","background-image":"","background-repeat":"repeat","background-position":"center center","background-size":"auto","background-attachment":"scroll","background-type":"","background-media":"","overlay-type":"","overlay-color":"","overlay-opacity":"","overlay-gradient":""},"mobile":{"background-color":"","background-image":"","background-repeat":"repeat","background-position":"center center","background-size":"auto","background-attachment":"scroll","background-type":"","background-media":"","overlay-type":"","overlay-color":"","overlay-opacity":"","overlay-gradient":""}},"ast-content-background-meta":{"desktop":{"background-color":"var(--ast-global-color-5)","background-image":"","background-repeat":"repeat","background-position":"center center","background-size":"auto","background-attachment":"scroll","background-type":"","background-media":"","overlay-type":"","overlay-color":"","overlay-opacity":"","overlay-gradient":""},"tablet":{"background-color":"var(--ast-global-color-5)","background-image":"","background-repeat":"repeat","background-position":"center center","background-size":"auto","background-attachment":"scroll","background-type":"","background-media":"","overlay-type":"","overlay-color":"","overlay-opacity":"","overlay-gradient":""},"mobile":{"background-color":"var(--ast-global-color-5)","background-image":"","background-repeat":"repeat","background-position":"center center","background-size":"auto","background-attachment":"scroll","background-type":"","background-media":"","overlay-type":"","overlay-color":"","overlay-opacity":"","overlay-gradient":""}},"footnotes":""},"class_list":["post-1583","page","type-page","status-publish","hentry"],"_links":{"self":[{"href":"https:\/\/forreria.com\/ca\/wp-json\/wp\/v2\/pages\/1583","targetHints":{"allow":["GET"]}}],"collection":[{"href":"https:\/\/forreria.com\/ca\/wp-json\/wp\/v2\/pages"}],"about":[{"href":"https:\/\/forreria.com\/ca\/wp-json\/wp\/v2\/types\/page"}],"author":[{"embeddable":true,"href":"https:\/\/forreria.com\/ca\/wp-json\/wp\/v2\/users\/1"}],"replies":[{"embeddable":true,"href":"https:\/\/forreria.com\/ca\/wp-json\/wp\/v2\/comments?post=1583"}],"version-history":[{"count":0,"href":"https:\/\/forreria.com\/ca\/wp-json\/wp\/v2\/pages\/1583\/revisions"}],"wp:attachment":[{"href":"https:\/\/forreria.com\/ca\/wp-json\/wp\/v2\/media?parent=1583"}],"curies":[{"name":"wp","href":"https:\/\/api.w.org\/{rel}","templated":true}]}}