{"id":1595,"date":"2023-03-01T18:38:28","date_gmt":"2023-03-01T16:38:28","guid":{"rendered":"https:\/\/forreria.com\/?page_id=1595"},"modified":"2023-10-04T09:58:16","modified_gmt":"2023-10-04T07:58:16","slug":"serveis","status":"publish","type":"page","link":"https:\/\/forreria.com\/ca\/serveis\/","title":{"rendered":"Serveis"},"content":{"rendered":"\t\t<div data-elementor-type=\"wp-page\" data-elementor-id=\"1595\" class=\"elementor elementor-1595 elementor-15\" data-elementor-post-type=\"page\">\n\t\t\t\t<div class=\"elementor-element elementor-element-2d79fab e-flex e-con-boxed e-con e-parent\" data-id=\"2d79fab\" data-element_type=\"container\">\n\t\t\t\t\t<div class=\"e-con-inner\">\n\t\t\t\t<div class=\"elementor-element elementor-element-3a1ebc4 elementor-widget elementor-widget-heading\" data-id=\"3a1ebc4\" data-element_type=\"widget\" data-widget_type=\"heading.default\">\n\t\t\t\t\t<h1 class=\"elementor-heading-title elementor-size-default\">Serveis<\/h1>\t\t\t\t<\/div>\n\t\t\t\t\t<\/div>\n\t\t\t\t<\/div>\n\t\t<div class=\"elementor-element elementor-element-e82712a e-flex e-con-boxed e-con e-parent\" data-id=\"e82712a\" data-element_type=\"container\">\n\t\t\t\t\t<div class=\"e-con-inner\">\n\t\t\t\t<div class=\"elementor-element elementor-element-d8fcc6b elementor-widget elementor-widget-text-editor\" data-id=\"d8fcc6b\" data-element_type=\"widget\" data-widget_type=\"text-editor.default\">\n\t\t\t\t\t\t\t\t\t<p>A banda de la nostra oferta de productes, oferim tamb\u00e9 els serveis de Fabricaci\u00f3 d&#8217;empeses a mida i Control de Qualitat de producte.<\/p>\t\t\t\t\t\t\t\t<\/div>\n\t\t<div class=\"elementor-element elementor-element-1faa9fe e-con-full e-flex e-con e-child\" data-id=\"1faa9fe\" data-element_type=\"container\">\n\t\t<div class=\"elementor-element elementor-element-3a8af53 e-con-full e-flex e-con e-child\" data-id=\"3a8af53\" data-element_type=\"container\">\n\t\t\t\t<div class=\"elementor-element elementor-element-333c424 elementor-widget elementor-widget-heading\" data-id=\"333c424\" data-element_type=\"widget\" data-widget_type=\"heading.default\">\n\t\t\t\t\t<h2 class=\"elementor-heading-title elementor-size-default\">Fabricaci\u00f3 d'empeses sota especificaci\u00f3 del client<\/h2>\t\t\t\t<\/div>\n\t\t\t\t<div class=\"elementor-element elementor-element-e2eb477 elementor-widget elementor-widget-text-editor\" data-id=\"e2eb477\" data-element_type=\"widget\" data-widget_type=\"text-editor.default\">\n\t\t\t\t\t\t\t\t\t<p>Els nostres telers s\u00f3n aptes per fabricar altres teixits m\u00e9s enll\u00e0 de la folreria. \u00c9s per aix\u00f2 que portem, des de fa anys, fabricant teixits per a altres aplicacions segons les necessitats dels nostres clients. Des de teixits exteriors a l&#8217;\u00e0mbit de la moda fins a teixits t\u00e8cnics usats en m\u00faltiples aplicacions.<\/p><p>Amb la informaci\u00f3\/especificaci\u00f3 del client, posem a treballar el nostre equip per desenvolupar el producte que compleixi els seus requeriments.<\/p>\t\t\t\t\t\t\t\t<\/div>\n\t\t\t\t<div class=\"elementor-element elementor-element-16074cf elementor--h-position-center elementor--v-position-middle elementor-arrows-position-inside elementor-pagination-position-inside elementor-widget elementor-widget-slides\" data-id=\"16074cf\" data-element_type=\"widget\" data-settings=\"{&quot;navigation&quot;:&quot;both&quot;,&quot;autoplay&quot;:&quot;yes&quot;,&quot;pause_on_hover&quot;:&quot;yes&quot;,&quot;pause_on_interaction&quot;:&quot;yes&quot;,&quot;autoplay_speed&quot;:5000,&quot;infinite&quot;:&quot;yes&quot;,&quot;transition&quot;:&quot;slide&quot;,&quot;transition_speed&quot;:500}\" data-widget_type=\"slides.default\">\n\t\t\t\t\t\t\t\t\t\t<div class=\"elementor-slides-wrapper elementor-main-swiper swiper\" role=\"region\" aria-roledescription=\"carousel\" aria-label=\"Diapositives\" dir=\"ltr\" data-animation=\"fadeInUp\">\n\t\t\t\t<div class=\"swiper-wrapper elementor-slides\">\n\t\t\t\t\t\t\t\t\t\t<div class=\"elementor-repeater-item-ec80c4a swiper-slide\" role=\"group\" aria-roledescription=\"slide\"><div class=\"swiper-slide-bg\" role=\"img\" aria-label=\"forreria almacen-2\"><\/div><div class=\"swiper-slide-inner\" ><div class=\"swiper-slide-contents\"><\/div><\/div><\/div><div class=\"elementor-repeater-item-bcff5c8 swiper-slide\" role=\"group\" aria-roledescription=\"slide\"><div class=\"swiper-slide-bg\" role=\"img\" aria-label=\"forreria almacen-8\"><\/div><div class=\"swiper-slide-inner\" ><div class=\"swiper-slide-contents\"><\/div><\/div><\/div><div class=\"elementor-repeater-item-94db078 swiper-slide\" role=\"group\" aria-roledescription=\"slide\"><div class=\"swiper-slide-bg\" role=\"img\" aria-label=\"forreria almacen-7\"><\/div><div class=\"swiper-slide-inner\" ><div class=\"swiper-slide-contents\"><\/div><\/div><\/div>\t\t\t\t<\/div>\n\t\t\t\t\t\t\t\t\t\t\t\t\t\t\t<div class=\"elementor-swiper-button elementor-swiper-button-prev\" role=\"button\" tabindex=\"0\" aria-label=\"Previous slide\">\n\t\t\t\t\t\t\t<svg aria-hidden=\"true\" class=\"e-font-icon-svg e-eicon-chevron-left\" viewBox=\"0 0 1000 1000\" xmlns=\"http:\/\/www.w3.org\/2000\/svg\"><path d=\"M646 125C629 125 613 133 604 142L308 442C296 454 292 471 292 487 292 504 296 521 308 533L604 854C617 867 629 875 646 875 663 875 679 871 692 858 704 846 713 829 713 812 713 796 708 779 692 767L438 487 692 225C700 217 708 204 708 187 708 171 704 154 692 142 675 129 663 125 646 125Z\"><\/path><\/svg>\t\t\t\t\t\t<\/div>\n\t\t\t\t\t\t<div class=\"elementor-swiper-button elementor-swiper-button-next\" role=\"button\" tabindex=\"0\" aria-label=\"Next slide\">\n\t\t\t\t\t\t\t<svg aria-hidden=\"true\" class=\"e-font-icon-svg e-eicon-chevron-right\" viewBox=\"0 0 1000 1000\" xmlns=\"http:\/\/www.w3.org\/2000\/svg\"><path d=\"M696 533C708 521 713 504 713 487 713 471 708 454 696 446L400 146C388 133 375 125 354 125 338 125 325 129 313 142 300 154 292 171 292 187 292 204 296 221 308 233L563 492 304 771C292 783 288 800 288 817 288 833 296 850 308 863 321 871 338 875 354 875 371 875 388 867 400 854L696 533Z\"><\/path><\/svg>\t\t\t\t\t\t<\/div>\n\t\t\t\t\t\t\t\t\t\t\t\t\t\t\t\t<div class=\"swiper-pagination\"><\/div>\n\t\t\t\t\t\t\t\t\t\t\t\t<\/div>\n\t\t\t\t\t\t\t\t<\/div>\n\t\t\t\t<\/div>\n\t\t<div class=\"elementor-element elementor-element-2c72684 e-con-full e-flex e-con e-child\" data-id=\"2c72684\" data-element_type=\"container\">\n\t\t\t\t<div class=\"elementor-element elementor-element-b2a415f elementor-widget elementor-widget-image\" data-id=\"b2a415f\" data-element_type=\"widget\" data-widget_type=\"image.default\">\n\t\t\t\t\t\t\t\t\t\t\t\t\t\t\t\t<a href=\"https:\/\/forreria.com\/wp-content\/uploads\/2023\/08\/img-servicios-02.jpg\" data-elementor-open-lightbox=\"yes\" data-elementor-lightbox-title=\"img-servicios-02\" data-e-action-hash=\"#elementor-action%3Aaction%3Dlightbox%26settings%3DeyJpZCI6MTI0NSwidXJsIjoiaHR0cHM6XC9cL2ZvcnJlcmlhLmNvbVwvd3AtY29udGVudFwvdXBsb2Fkc1wvMjAyM1wvMDhcL2ltZy1zZXJ2aWNpb3MtMDIuanBnIn0%3D\">\n\t\t\t\t\t\t\t<img fetchpriority=\"high\" decoding=\"async\" width=\"800\" height=\"800\" src=\"https:\/\/forreria.com\/wp-content\/uploads\/2023\/08\/img-servicios-02.jpg\" class=\"attachment-large size-large wp-image-1245\" alt=\"\" srcset=\"https:\/\/forreria.com\/wp-content\/uploads\/2023\/08\/img-servicios-02.jpg 800w, https:\/\/forreria.com\/wp-content\/uploads\/2023\/08\/img-servicios-02-300x300.jpg 300w, https:\/\/forreria.com\/wp-content\/uploads\/2023\/08\/img-servicios-02-150x150.jpg 150w, https:\/\/forreria.com\/wp-content\/uploads\/2023\/08\/img-servicios-02-768x768.jpg 768w\" sizes=\"(max-width: 800px) 100vw, 800px\" \/>\t\t\t\t\t\t\t\t<\/a>\n\t\t\t\t\t\t\t\t\t\t\t\t\t\t\t<\/div>\n\t\t\t\t<div class=\"elementor-element elementor-element-3bbf28a elementor-widget elementor-widget-text-editor\" data-id=\"3bbf28a\" data-element_type=\"widget\" data-widget_type=\"text-editor.default\">\n\t\t\t\t\t\t\t\t\t<ul><li>Fabricaci\u00f3 segons l&#8217;especificaci\u00f3 del client<\/li><li>Subministrament directe de teler<\/li><li>Control de qualitat de l&#8217;empesa<\/li><li>Ordits i trames d&#8217;IDF o subministrats pel client<\/li><li>Ordit seccional i tor\u00e7at de fils tamb\u00e9 possible<\/li><\/ul>\t\t\t\t\t\t\t\t<\/div>\n\t\t\t\t<\/div>\n\t\t\t\t<\/div>\n\t\t\t\t\t<\/div>\n\t\t\t\t<\/div>\n\t\t<div class=\"elementor-element elementor-element-4d655cb e-flex e-con-boxed e-con e-parent\" data-id=\"4d655cb\" data-element_type=\"container\">\n\t\t\t\t\t<div class=\"e-con-inner\">\n\t\t<div class=\"elementor-element elementor-element-12696f7 e-con-full e-flex e-con e-child\" data-id=\"12696f7\" data-element_type=\"container\">\n\t\t\t\t<div class=\"elementor-element elementor-element-fcd8afb elementor-widget elementor-widget-image\" data-id=\"fcd8afb\" data-element_type=\"widget\" data-widget_type=\"image.default\">\n\t\t\t\t\t\t\t\t\t\t\t\t\t\t\t<img decoding=\"async\" width=\"800\" height=\"801\" src=\"https:\/\/forreria.com\/wp-content\/uploads\/2023\/08\/img-maquina-control-calidad.jpg\" class=\"attachment-large size-large wp-image-1207\" alt=\"\" srcset=\"https:\/\/forreria.com\/wp-content\/uploads\/2023\/08\/img-maquina-control-calidad.jpg 800w, https:\/\/forreria.com\/wp-content\/uploads\/2023\/08\/img-maquina-control-calidad-300x300.jpg 300w, https:\/\/forreria.com\/wp-content\/uploads\/2023\/08\/img-maquina-control-calidad-150x150.jpg 150w, https:\/\/forreria.com\/wp-content\/uploads\/2023\/08\/img-maquina-control-calidad-768x769.jpg 768w\" sizes=\"(max-width: 800px) 100vw, 800px\" \/>\t\t\t\t\t\t\t\t\t\t\t\t\t\t\t<\/div>\n\t\t\t\t<div class=\"elementor-element elementor-element-a85e952 elementor-widget elementor-widget-heading\" data-id=\"a85e952\" data-element_type=\"widget\" data-widget_type=\"heading.default\">\n\t\t\t\t\t<h2 class=\"elementor-heading-title elementor-size-default\">Control de Qualitat per a tercers utilitzant formats propis o els facilitats pel client<\/h2>\t\t\t\t<\/div>\n\t\t\t\t<\/div>\n\t\t<div class=\"elementor-element elementor-element-feb1eb4 e-con-full e-flex e-con e-child\" data-id=\"feb1eb4\" data-element_type=\"container\">\n\t\t\t\t<div class=\"elementor-element elementor-element-82c8c41 elementor-widget elementor-widget-heading\" data-id=\"82c8c41\" data-element_type=\"widget\" data-widget_type=\"heading.default\">\n\t\t\t\t\t<h2 class=\"elementor-heading-title elementor-size-default\">Control de qualitat de teixits\n<\/h2>\t\t\t\t<\/div>\n\t\t\t\t<div class=\"elementor-element elementor-element-b7861c6 elementor-widget elementor-widget-text-editor\" data-id=\"b7861c6\" data-element_type=\"widget\" data-widget_type=\"text-editor.default\">\n\t\t\t\t\t\t\t\t\t<p>Les nostres instal\u00b7lacions de Control de Qualitat disposen de diverses taules de rep\u00e0s que ens permeten fer el control de Qualitat dels nostres productes i tamb\u00e9 d&#8217;altres productes que els nostres clients requereixin revisar.<\/p><p>Disposem d\u00b4informes de control de qualitat propis o tamb\u00e9 podem treballar amb els formats dels nostres clients.<\/p>\t\t\t\t\t\t\t\t<\/div>\n\t\t\t\t<div class=\"elementor-element elementor-element-bd5c473 elementor-widget elementor-widget-image\" data-id=\"bd5c473\" data-element_type=\"widget\" data-widget_type=\"image.default\">\n\t\t\t\t\t\t\t\t\t\t\t\t\t\t\t<img decoding=\"async\" width=\"800\" height=\"662\" src=\"https:\/\/forreria.com\/wp-content\/uploads\/2023\/08\/img-pantalla-control-de-calidad.png\" class=\"attachment-large size-large wp-image-1249\" alt=\"\" srcset=\"https:\/\/forreria.com\/wp-content\/uploads\/2023\/08\/img-pantalla-control-de-calidad.png 800w, https:\/\/forreria.com\/wp-content\/uploads\/2023\/08\/img-pantalla-control-de-calidad-300x248.png 300w, https:\/\/forreria.com\/wp-content\/uploads\/2023\/08\/img-pantalla-control-de-calidad-768x636.png 768w\" sizes=\"(max-width: 800px) 100vw, 800px\" \/>\t\t\t\t\t\t\t\t\t\t\t\t\t\t\t<\/div>\n\t\t\t\t<\/div>\n\t\t\t\t\t<\/div>\n\t\t\t\t<\/div>\n\t\t\t\t<\/div>\n\t\t","protected":false},"excerpt":{"rendered":"<p>A banda de la nostra oferta de productes, oferim tamb\u00e9 els serveis de Fabricaci\u00f3 d&#8217;empeses a mida i Control de Qualitat de producte. Fabricaci\u00f3 d&#8217;empeses sota especificaci\u00f3 del client Els nostres telers s\u00f3n aptes per fabricar altres teixits m\u00e9s enll\u00e0 de la folreria. \u00c9s per aix\u00f2 que portem, des de fa anys, fabricant teixits per [&hellip;]<\/p>\n","protected":false},"author":1,"featured_media":0,"parent":0,"menu_order":0,"comment_status":"closed","ping_status":"closed","template":"","meta":{"site-sidebar-layout":"no-sidebar","site-content-layout":"page-builder","ast-site-content-layout":"default","site-content-style":"default","site-sidebar-style":"default","ast-global-header-display":"","ast-banner-title-visibility":"","ast-main-header-display":"","ast-hfb-above-header-display":"","ast-hfb-below-header-display":"","ast-hfb-mobile-header-display":"","site-post-title":"disabled","ast-breadcrumbs-content":"","ast-featured-img":"disabled","footer-sml-layout":"","ast-disable-related-posts":"","theme-transparent-header-meta":"default","adv-header-id-meta":"","stick-header-meta":"","header-above-stick-meta":"","header-main-stick-meta":"","header-below-stick-meta":"","astra-migrate-meta-layouts":"set","ast-page-background-enabled":"default","ast-page-background-meta":{"desktop":{"background-color":"var(--ast-global-color-4)","background-image":"","background-repeat":"repeat","background-position":"center center","background-size":"auto","background-attachment":"scroll","background-type":"","background-media":"","overlay-type":"","overlay-color":"","overlay-opacity":"","overlay-gradient":""},"tablet":{"background-color":"","background-image":"","background-repeat":"repeat","background-position":"center center","background-size":"auto","background-attachment":"scroll","background-type":"","background-media":"","overlay-type":"","overlay-color":"","overlay-opacity":"","overlay-gradient":""},"mobile":{"background-color":"","background-image":"","background-repeat":"repeat","background-position":"center center","background-size":"auto","background-attachment":"scroll","background-type":"","background-media":"","overlay-type":"","overlay-color":"","overlay-opacity":"","overlay-gradient":""}},"ast-content-background-meta":{"desktop":{"background-color":"var(--ast-global-color-5)","background-image":"","background-repeat":"repeat","background-position":"center center","background-size":"auto","background-attachment":"scroll","background-type":"","background-media":"","overlay-type":"","overlay-color":"","overlay-opacity":"","overlay-gradient":""},"tablet":{"background-color":"var(--ast-global-color-5)","background-image":"","background-repeat":"repeat","background-position":"center center","background-size":"auto","background-attachment":"scroll","background-type":"","background-media":"","overlay-type":"","overlay-color":"","overlay-opacity":"","overlay-gradient":""},"mobile":{"background-color":"var(--ast-global-color-5)","background-image":"","background-repeat":"repeat","background-position":"center center","background-size":"auto","background-attachment":"scroll","background-type":"","background-media":"","overlay-type":"","overlay-color":"","overlay-opacity":"","overlay-gradient":""}},"footnotes":""},"class_list":["post-1595","page","type-page","status-publish","hentry"],"_links":{"self":[{"href":"https:\/\/forreria.com\/ca\/wp-json\/wp\/v2\/pages\/1595","targetHints":{"allow":["GET"]}}],"collection":[{"href":"https:\/\/forreria.com\/ca\/wp-json\/wp\/v2\/pages"}],"about":[{"href":"https:\/\/forreria.com\/ca\/wp-json\/wp\/v2\/types\/page"}],"author":[{"embeddable":true,"href":"https:\/\/forreria.com\/ca\/wp-json\/wp\/v2\/users\/1"}],"replies":[{"embeddable":true,"href":"https:\/\/forreria.com\/ca\/wp-json\/wp\/v2\/comments?post=1595"}],"version-history":[{"count":0,"href":"https:\/\/forreria.com\/ca\/wp-json\/wp\/v2\/pages\/1595\/revisions"}],"wp:attachment":[{"href":"https:\/\/forreria.com\/ca\/wp-json\/wp\/v2\/media?parent=1595"}],"curies":[{"name":"wp","href":"https:\/\/api.w.org\/{rel}","templated":true}]}}