{"id":1606,"date":"2023-08-14T15:38:13","date_gmt":"2023-08-14T13:38:13","guid":{"rendered":"https:\/\/forreria.com\/?page_id=1606"},"modified":"2023-10-04T10:28:06","modified_gmt":"2023-10-04T08:28:06","slug":"sobre-nosaltres","status":"publish","type":"page","link":"https:\/\/forreria.com\/ca\/sobre-nosaltres\/","title":{"rendered":"Sobre nosaltres"},"content":{"rendered":"\t\t<div data-elementor-type=\"wp-page\" data-elementor-id=\"1606\" class=\"elementor elementor-1606 elementor-205\" data-elementor-post-type=\"page\">\n\t\t\t\t<div class=\"elementor-element elementor-element-a4bd835 e-flex e-con-boxed e-con e-parent\" data-id=\"a4bd835\" data-element_type=\"container\">\n\t\t\t\t\t<div class=\"e-con-inner\">\n\t\t<div class=\"elementor-element elementor-element-43c61f20 e-con-full e-flex e-con e-child\" data-id=\"43c61f20\" data-element_type=\"container\">\n\t\t<div class=\"elementor-element elementor-element-585d934 e-con-full elementor-hidden-mobile e-flex e-con e-child\" data-id=\"585d934\" data-element_type=\"container\">\n\t\t\t\t<div class=\"elementor-element elementor-element-ca8dc6a elementor-widget elementor-widget-heading\" data-id=\"ca8dc6a\" data-element_type=\"widget\" data-widget_type=\"heading.default\">\n\t\t\t\t\t<h2 class=\"elementor-heading-title elementor-size-default\">Menu<\/h2>\t\t\t\t<\/div>\n\t\t<a class=\"elementor-element elementor-element-eba15af e-grid e-transform e-con-boxed e-con e-child\" data-id=\"eba15af\" data-element_type=\"container\" data-settings=\"{&quot;background_background&quot;:&quot;classic&quot;,&quot;_transform_scale_effect_hover&quot;:{&quot;unit&quot;:&quot;px&quot;,&quot;size&quot;:0.9,&quot;sizes&quot;:[]},&quot;_transform_scale_effect_hover_tablet&quot;:{&quot;unit&quot;:&quot;px&quot;,&quot;size&quot;:&quot;&quot;,&quot;sizes&quot;:[]},&quot;_transform_scale_effect_hover_mobile&quot;:{&quot;unit&quot;:&quot;px&quot;,&quot;size&quot;:&quot;&quot;,&quot;sizes&quot;:[]}}\" href=\"\/ca\/historia\/\">\n\t\t\t\t\t<div class=\"e-con-inner\">\n\t\t\t\t<div class=\"elementor-element elementor-element-2666e20 elementor-widget elementor-widget-image\" data-id=\"2666e20\" data-element_type=\"widget\" data-widget_type=\"image.default\">\n\t\t\t\t\t\t\t\t\t\t\t\t\t\t\t<img decoding=\"async\" width=\"200\" height=\"200\" src=\"https:\/\/forreria.com\/wp-content\/uploads\/2023\/08\/btn-historia.jpg\" class=\"attachment-large size-large wp-image-1191\" alt=\"\" srcset=\"https:\/\/forreria.com\/wp-content\/uploads\/2023\/08\/btn-historia.jpg 200w, https:\/\/forreria.com\/wp-content\/uploads\/2023\/08\/btn-historia-150x150.jpg 150w\" sizes=\"(max-width: 200px) 100vw, 200px\" \/>\t\t\t\t\t\t\t\t\t\t\t\t\t\t\t<\/div>\n\t\t\t\t<div class=\"elementor-element elementor-element-78db6f6 elementor-widget elementor-widget-heading\" data-id=\"78db6f6\" data-element_type=\"widget\" data-widget_type=\"heading.default\">\n\t\t\t\t\t<h2 class=\"elementor-heading-title elementor-size-default\">Historia<\/h2>\t\t\t\t<\/div>\n\t\t\t\t\t<\/div>\n\t\t\t\t<\/a>\n\t\t<a class=\"elementor-element elementor-element-f24dd95 e-grid e-transform e-con-boxed e-con e-child\" data-id=\"f24dd95\" data-element_type=\"container\" data-settings=\"{&quot;background_background&quot;:&quot;classic&quot;,&quot;_transform_scale_effect_hover&quot;:{&quot;unit&quot;:&quot;px&quot;,&quot;size&quot;:0.9,&quot;sizes&quot;:[]},&quot;_transform_scale_effect_hover_tablet&quot;:{&quot;unit&quot;:&quot;px&quot;,&quot;size&quot;:&quot;&quot;,&quot;sizes&quot;:[]},&quot;_transform_scale_effect_hover_mobile&quot;:{&quot;unit&quot;:&quot;px&quot;,&quot;size&quot;:&quot;&quot;,&quot;sizes&quot;:[]}}\" href=\"\/ca\/fabrica-propia\/\">\n\t\t\t\t\t<div class=\"e-con-inner\">\n\t\t\t\t<div class=\"elementor-element elementor-element-3bb0d36 elementor-widget elementor-widget-image\" data-id=\"3bb0d36\" data-element_type=\"widget\" data-widget_type=\"image.default\">\n\t\t\t\t\t\t\t\t\t\t\t\t\t\t\t<img decoding=\"async\" width=\"200\" height=\"200\" src=\"https:\/\/forreria.com\/wp-content\/uploads\/2023\/08\/btn-fabrica.jpg\" class=\"attachment-large size-large wp-image-1193\" alt=\"\" srcset=\"https:\/\/forreria.com\/wp-content\/uploads\/2023\/08\/btn-fabrica.jpg 200w, https:\/\/forreria.com\/wp-content\/uploads\/2023\/08\/btn-fabrica-150x150.jpg 150w\" sizes=\"(max-width: 200px) 100vw, 200px\" \/>\t\t\t\t\t\t\t\t\t\t\t\t\t\t\t<\/div>\n\t\t\t\t<div class=\"elementor-element elementor-element-49345d0 elementor-widget elementor-widget-heading\" data-id=\"49345d0\" data-element_type=\"widget\" data-widget_type=\"heading.default\">\n\t\t\t\t\t<h2 class=\"elementor-heading-title elementor-size-default\">Fabrica propia<\/h2>\t\t\t\t<\/div>\n\t\t\t\t\t<\/div>\n\t\t\t\t<\/a>\n\t\t<a class=\"elementor-element elementor-element-b461a38 e-grid e-transform e-con-boxed e-con e-child\" data-id=\"b461a38\" data-element_type=\"container\" data-settings=\"{&quot;background_background&quot;:&quot;classic&quot;,&quot;_transform_scale_effect_hover&quot;:{&quot;unit&quot;:&quot;px&quot;,&quot;size&quot;:0.9,&quot;sizes&quot;:[]},&quot;_transform_scale_effect_hover_tablet&quot;:{&quot;unit&quot;:&quot;px&quot;,&quot;size&quot;:&quot;&quot;,&quot;sizes&quot;:[]},&quot;_transform_scale_effect_hover_mobile&quot;:{&quot;unit&quot;:&quot;px&quot;,&quot;size&quot;:&quot;&quot;,&quot;sizes&quot;:[]}}\" href=\"\/ca\/servei-control-de-qualitat\/\">\n\t\t\t\t\t<div class=\"e-con-inner\">\n\t\t\t\t<div class=\"elementor-element elementor-element-39bc95f elementor-widget elementor-widget-image\" data-id=\"39bc95f\" data-element_type=\"widget\" data-widget_type=\"image.default\">\n\t\t\t\t\t\t\t\t\t\t\t\t\t\t\t<img decoding=\"async\" width=\"200\" height=\"200\" src=\"https:\/\/forreria.com\/wp-content\/uploads\/2023\/08\/btn-control-calidad.jpg\" class=\"attachment-large size-large wp-image-1205\" alt=\"\" srcset=\"https:\/\/forreria.com\/wp-content\/uploads\/2023\/08\/btn-control-calidad.jpg 200w, https:\/\/forreria.com\/wp-content\/uploads\/2023\/08\/btn-control-calidad-150x150.jpg 150w\" sizes=\"(max-width: 200px) 100vw, 200px\" \/>\t\t\t\t\t\t\t\t\t\t\t\t\t\t\t<\/div>\n\t\t\t\t<div class=\"elementor-element elementor-element-204d34b elementor-widget elementor-widget-heading\" data-id=\"204d34b\" data-element_type=\"widget\" data-widget_type=\"heading.default\">\n\t\t\t\t\t<h2 class=\"elementor-heading-title elementor-size-default\">Control de calidad<\/h2>\t\t\t\t<\/div>\n\t\t\t\t\t<\/div>\n\t\t\t\t<\/a>\n\t\t<a class=\"elementor-element elementor-element-7f9532c e-grid e-transform e-con-boxed e-con e-child\" data-id=\"7f9532c\" data-element_type=\"container\" data-settings=\"{&quot;background_background&quot;:&quot;classic&quot;,&quot;_transform_scale_effect_hover&quot;:{&quot;unit&quot;:&quot;px&quot;,&quot;size&quot;:0.9,&quot;sizes&quot;:[]},&quot;_transform_scale_effect_hover_tablet&quot;:{&quot;unit&quot;:&quot;px&quot;,&quot;size&quot;:&quot;&quot;,&quot;sizes&quot;:[]},&quot;_transform_scale_effect_hover_mobile&quot;:{&quot;unit&quot;:&quot;px&quot;,&quot;size&quot;:&quot;&quot;,&quot;sizes&quot;:[]}}\" href=\"\/ca\/gamma-amplia-de-productes\/\">\n\t\t\t\t\t<div class=\"e-con-inner\">\n\t\t\t\t<div class=\"elementor-element elementor-element-1a197e8 elementor-widget elementor-widget-image\" data-id=\"1a197e8\" data-element_type=\"widget\" data-widget_type=\"image.default\">\n\t\t\t\t\t\t\t\t\t\t\t\t\t\t\t<img loading=\"lazy\" decoding=\"async\" width=\"217\" height=\"217\" src=\"https:\/\/forreria.com\/wp-content\/uploads\/2023\/08\/btn-gama-de-productos.jpg\" class=\"attachment-large size-large wp-image-1209\" alt=\"\" srcset=\"https:\/\/forreria.com\/wp-content\/uploads\/2023\/08\/btn-gama-de-productos.jpg 217w, https:\/\/forreria.com\/wp-content\/uploads\/2023\/08\/btn-gama-de-productos-150x150.jpg 150w\" sizes=\"(max-width: 217px) 100vw, 217px\" \/>\t\t\t\t\t\t\t\t\t\t\t\t\t\t\t<\/div>\n\t\t\t\t<div class=\"elementor-element elementor-element-098578d elementor-widget elementor-widget-heading\" data-id=\"098578d\" data-element_type=\"widget\" data-widget_type=\"heading.default\">\n\t\t\t\t\t<h2 class=\"elementor-heading-title elementor-size-default\">Gama de <br> productos<\/h2>\t\t\t\t<\/div>\n\t\t\t\t\t<\/div>\n\t\t\t\t<\/a>\n\t\t<a class=\"elementor-element elementor-element-05cbd62 e-grid e-transform e-con-boxed e-con e-child\" data-id=\"05cbd62\" data-element_type=\"container\" data-settings=\"{&quot;background_background&quot;:&quot;classic&quot;,&quot;_transform_scale_effect_hover&quot;:{&quot;unit&quot;:&quot;px&quot;,&quot;size&quot;:0.9,&quot;sizes&quot;:[]},&quot;_transform_scale_effect_hover_tablet&quot;:{&quot;unit&quot;:&quot;px&quot;,&quot;size&quot;:&quot;&quot;,&quot;sizes&quot;:[]},&quot;_transform_scale_effect_hover_mobile&quot;:{&quot;unit&quot;:&quot;px&quot;,&quot;size&quot;:&quot;&quot;,&quot;sizes&quot;:[]}}\" href=\"\/ca\/stock-service-i-minims-reduits\/\">\n\t\t\t\t\t<div class=\"e-con-inner\">\n\t\t\t\t<div class=\"elementor-element elementor-element-a2f1395 elementor-widget elementor-widget-image\" data-id=\"a2f1395\" data-element_type=\"widget\" data-widget_type=\"image.default\">\n\t\t\t\t\t\t\t\t\t\t\t\t\t\t\t<img loading=\"lazy\" decoding=\"async\" width=\"200\" height=\"200\" src=\"https:\/\/forreria.com\/wp-content\/uploads\/2023\/08\/btn-Stock-Service.jpg\" class=\"attachment-large size-large wp-image-1223\" alt=\"\" srcset=\"https:\/\/forreria.com\/wp-content\/uploads\/2023\/08\/btn-Stock-Service.jpg 200w, https:\/\/forreria.com\/wp-content\/uploads\/2023\/08\/btn-Stock-Service-150x150.jpg 150w\" sizes=\"(max-width: 200px) 100vw, 200px\" \/>\t\t\t\t\t\t\t\t\t\t\t\t\t\t\t<\/div>\n\t\t\t\t<div class=\"elementor-element elementor-element-c8fd62d elementor-widget elementor-widget-heading\" data-id=\"c8fd62d\" data-element_type=\"widget\" data-widget_type=\"heading.default\">\n\t\t\t\t\t<h2 class=\"elementor-heading-title elementor-size-default\">Stock service<\/h2>\t\t\t\t<\/div>\n\t\t\t\t\t<\/div>\n\t\t\t\t<\/a>\n\t\t\t\t<\/div>\n\t\t\t\t<\/div>\n\t\t<div class=\"elementor-element elementor-element-6f8bb30a e-flex e-con-boxed e-con e-child\" data-id=\"6f8bb30a\" data-element_type=\"container\">\n\t\t\t\t\t<div class=\"e-con-inner\">\n\t\t\t\t<div class=\"elementor-element elementor-element-7f13d1c5 elementor-widget elementor-widget-heading\" data-id=\"7f13d1c5\" data-element_type=\"widget\" data-widget_type=\"heading.default\">\n\t\t\t\t\t<h1 class=\"elementor-heading-title elementor-size-default\">Sobre nosaltres<\/h1>\t\t\t\t<\/div>\n\t\t\t\t<div class=\"elementor-element elementor-element-ef91fb6 elementor-widget elementor-widget-text-editor\" data-id=\"ef91fb6\" data-element_type=\"widget\" data-widget_type=\"text-editor.default\">\n\t\t\t\t\t\t\t\t\t<p>Som una empresa l\u00edder en la ind\u00fastria t\u00e8xtil, dedicada a brindar <strong>qualitat, personalitzaci\u00f3 i confian\u00e7a<\/strong> als nostres valuosos clients. A <strong>Industrial de\u00a0<span class=\"hiddenSpellError\">Forrer\u00eda<\/span>, SA<\/strong>, entenem la import\u00e0ncia d&#8217;oferir productes excepcionals que compleixin els m\u00e9s alts est\u00e0ndards de qualitat.<\/p>\t\t\t\t\t\t\t\t<\/div>\n\t\t<div class=\"elementor-element elementor-element-62390a1 e-con-full e-flex e-con e-child\" data-id=\"62390a1\" data-element_type=\"container\">\n\t\t<div class=\"elementor-element elementor-element-41a040b e-con-full e-flex e-con e-child\" data-id=\"41a040b\" data-element_type=\"container\">\n\t\t\t\t<div class=\"elementor-element elementor-element-f2c7976 elementor-widget elementor-widget-text-editor\" data-id=\"f2c7976\" data-element_type=\"widget\" data-widget_type=\"text-editor.default\">\n\t\t\t\t\t\t\t\t\t<p><strong>Industrial de Forrer\u00eda, S.A.<\/strong> porta des de 1951 fabricant i comercialitzant aquests articles per a confeccionistes de primeres marques a tot Europa,<\/p><p>La nostra especialitat \u00e9s la fabricaci\u00f3 de Folreria de gran qualitat en una \u00e0mplia varietat de materials, incloent-hi viscosa, poli\u00e8ster i mescles. Treballem conjuntament amb confeccionistes industrials que busquen elevar la qualitat de les seves peces i destacar-se en el mercat. Sempre amb preus molt competitius vinculats a uns m\u00ednims de pe\u00e7a o de fabricaci\u00f3<\/p>\t\t\t\t\t\t\t\t<\/div>\n\t\t\t\t<\/div>\n\t\t<div class=\"elementor-element elementor-element-4f5aa9e e-con-full e-flex e-con e-child\" data-id=\"4f5aa9e\" data-element_type=\"container\">\n\t\t\t\t<div class=\"elementor-element elementor-element-3823da9 elementor-widget elementor-widget-image\" data-id=\"3823da9\" data-element_type=\"widget\" data-widget_type=\"image.default\">\n\t\t\t\t\t\t\t\t\t\t\t\t\t\t\t<img loading=\"lazy\" decoding=\"async\" width=\"900\" height=\"900\" src=\"https:\/\/forreria.com\/wp-content\/uploads\/2023\/10\/forros-C106916958-1-1.jpg\" class=\"attachment-large size-large wp-image-1609\" alt=\"\" srcset=\"https:\/\/forreria.com\/wp-content\/uploads\/2023\/10\/forros-C106916958-1-1.jpg 900w, https:\/\/forreria.com\/wp-content\/uploads\/2023\/10\/forros-C106916958-1-1-300x300.jpg 300w, https:\/\/forreria.com\/wp-content\/uploads\/2023\/10\/forros-C106916958-1-1-150x150.jpg 150w, https:\/\/forreria.com\/wp-content\/uploads\/2023\/10\/forros-C106916958-1-1-768x768.jpg 768w\" sizes=\"(max-width: 900px) 100vw, 900px\" \/>\t\t\t\t\t\t\t\t\t\t\t\t\t\t\t<\/div>\n\t\t\t\t<\/div>\n\t\t\t\t<\/div>\n\t\t<div class=\"elementor-element elementor-element-d784b39 e-flex e-con-boxed e-con e-child\" data-id=\"d784b39\" data-element_type=\"container\">\n\t\t\t\t\t<div class=\"e-con-inner\">\n\t\t\t\t<div class=\"elementor-element elementor-element-319bd0e elementor-widget elementor-widget-text-editor\" data-id=\"319bd0e\" data-element_type=\"widget\" data-widget_type=\"text-editor.default\">\n\t\t\t\t\t\t\t\t\t<p>A m\u00e9s, ens enorgulleix dir que ens preocupem pel medi ambient. Tots els nostres productes tenen la <strong>certificaci\u00f3\u00a0<span class=\"hiddenSpellError\">Oekotex<\/span><\/strong>. Aquesta certificaci\u00f3, emesa a Espanya per\u00a0<strong><span class=\"hiddenSpellError\">AITEX<\/span>\u00a0Institut Tecnol\u00f2gic T\u00e8xtil<\/strong>, garanteix que no s&#8217;han fet servir productes nocius per a la salut ni el medi ambient en la fabricaci\u00f3 dels nostres teixits.<\/p>\t\t\t\t\t\t\t\t<\/div>\n\t\t<div class=\"elementor-element elementor-element-6fbd7b8 e-flex e-con-boxed e-con e-child\" data-id=\"6fbd7b8\" data-element_type=\"container\" data-settings=\"{&quot;background_background&quot;:&quot;classic&quot;}\">\n\t\t\t\t\t<div class=\"e-con-inner\">\n\t\t<div class=\"elementor-element elementor-element-c7b590b e-con-full e-flex e-con e-child\" data-id=\"c7b590b\" data-element_type=\"container\">\n\t\t\t\t<div class=\"elementor-element elementor-element-34ea44d elementor-widget elementor-widget-text-editor\" data-id=\"34ea44d\" data-element_type=\"widget\" data-widget_type=\"text-editor.default\">\n\t\t\t\t\t\t\t\t\t<p><strong>OEKO-TEX\u00ae\u00a0<span class=\"hiddenSpellError\">STANDARD<\/span><\/strong>\u00a0100 \u00e9s una de les etiquetes m\u00e9s conegudes del m\u00f3n per a t\u00e8xtils provats per a subst\u00e0ncies nocives. \u00c9s sin\u00f2nim de confian\u00e7a del client i alta seguretat del producte.<\/p>\t\t\t\t\t\t\t\t<\/div>\n\t\t\t\t<div class=\"elementor-element elementor-element-54a10e9 elementor-widget elementor-widget-button\" data-id=\"54a10e9\" data-element_type=\"widget\" data-widget_type=\"button.default\">\n\t\t\t\t\t\t\t\t\t\t<a class=\"elementor-button elementor-button-link elementor-size-sm\" href=\"#elementor-action%3Aaction%3Dpopup%3Aopen%26settings%3DeyJpZCI6MTYxMywidG9nZ2xlIjpmYWxzZX0%3D\">\n\t\t\t\t\t\t<span class=\"elementor-button-content-wrapper\">\n\t\t\t\t\t\t\t\t\t<span class=\"elementor-button-text\">Veure certificat<\/span>\n\t\t\t\t\t<\/span>\n\t\t\t\t\t<\/a>\n\t\t\t\t\t\t\t\t<\/div>\n\t\t\t\t<\/div>\n\t\t<div class=\"elementor-element elementor-element-97a7975 e-con-full e-flex e-con e-child\" data-id=\"97a7975\" data-element_type=\"container\">\n\t\t\t\t<div class=\"elementor-element elementor-element-4c39d04 elementor-widget elementor-widget-image\" data-id=\"4c39d04\" data-element_type=\"widget\" data-widget_type=\"image.default\">\n\t\t\t\t\t\t\t\t\t\t\t\t\t\t\t<img loading=\"lazy\" decoding=\"async\" width=\"350\" height=\"181\" src=\"https:\/\/forreria.com\/wp-content\/uploads\/2023\/08\/banner-OTS100_label_2001AN1517_es.jpg\" class=\"attachment-large size-large wp-image-1261\" alt=\"\" srcset=\"https:\/\/forreria.com\/wp-content\/uploads\/2023\/08\/banner-OTS100_label_2001AN1517_es.jpg 350w, https:\/\/forreria.com\/wp-content\/uploads\/2023\/08\/banner-OTS100_label_2001AN1517_es-300x155.jpg 300w\" sizes=\"(max-width: 350px) 100vw, 350px\" \/>\t\t\t\t\t\t\t\t\t\t\t\t\t\t\t<\/div>\n\t\t\t\t<\/div>\n\t\t\t\t\t<\/div>\n\t\t\t\t<\/div>\n\t\t\t\t\t<\/div>\n\t\t\t\t<\/div>\n\t\t\t\t<div class=\"elementor-element elementor-element-3f6727d elementor-widget elementor-widget-text-editor\" data-id=\"3f6727d\" data-element_type=\"widget\" data-widget_type=\"text-editor.default\">\n\t\t\t\t\t\t\t\t\t<p>A <strong>industrial de\u00a0<span class=\"hiddenSpellError\">Forreria<\/span><\/strong>, no nom\u00e9s estem en el negoci de crear folres; estem en el negoci de crear confian\u00e7a i relacions duradores. Cada producte que entreguem \u00e9s una promesa de qualitat i una manifestaci\u00f3 del nostre comprom\u00eds amb la satisfacci\u00f3 del client. Estem aqu\u00ed per transformar la teva visi\u00f3 en realitat i elevar els est\u00e0ndards d&#8217;excel\u00b7l\u00e8ncia.<\/p>\t\t\t\t\t\t\t\t<\/div>\n\t\t\t\t\t<\/div>\n\t\t\t\t<\/div>\n\t\t\t\t\t<\/div>\n\t\t\t\t<\/div>\n\t\t\t\t<\/div>\n\t\t","protected":false},"excerpt":{"rendered":"<p>Menu Historia Fabrica propia Control de calidad Gama de productos Stock service Som una empresa l\u00edder en la ind\u00fastria t\u00e8xtil, dedicada a brindar qualitat, personalitzaci\u00f3 i confian\u00e7a als nostres valuosos clients. A Industrial de\u00a0Forrer\u00eda, SA, entenem la import\u00e0ncia d&#8217;oferir productes excepcionals que compleixin els m\u00e9s alts est\u00e0ndards de qualitat. Industrial de Forrer\u00eda, S.A. porta des [&hellip;]<\/p>\n","protected":false},"author":1,"featured_media":0,"parent":0,"menu_order":0,"comment_status":"closed","ping_status":"closed","template":"","meta":{"site-sidebar-layout":"no-sidebar","site-content-layout":"page-builder","ast-site-content-layout":"default","site-content-style":"default","site-sidebar-style":"default","ast-global-header-display":"","ast-banner-title-visibility":"","ast-main-header-display":"","ast-hfb-above-header-display":"","ast-hfb-below-header-display":"","ast-hfb-mobile-header-display":"","site-post-title":"disabled","ast-breadcrumbs-content":"","ast-featured-img":"disabled","footer-sml-layout":"","ast-disable-related-posts":"","theme-transparent-header-meta":"default","adv-header-id-meta":"","stick-header-meta":"","header-above-stick-meta":"","header-main-stick-meta":"","header-below-stick-meta":"","astra-migrate-meta-layouts":"set","ast-page-background-enabled":"default","ast-page-background-meta":{"desktop":{"background-color":"var(--ast-global-color-4)","background-image":"","background-repeat":"repeat","background-position":"center center","background-size":"auto","background-attachment":"scroll","background-type":"","background-media":"","overlay-type":"","overlay-color":"","overlay-opacity":"","overlay-gradient":""},"tablet":{"background-color":"","background-image":"","background-repeat":"repeat","background-position":"center center","background-size":"auto","background-attachment":"scroll","background-type":"","background-media":"","overlay-type":"","overlay-color":"","overlay-opacity":"","overlay-gradient":""},"mobile":{"background-color":"","background-image":"","background-repeat":"repeat","background-position":"center center","background-size":"auto","background-attachment":"scroll","background-type":"","background-media":"","overlay-type":"","overlay-color":"","overlay-opacity":"","overlay-gradient":""}},"ast-content-background-meta":{"desktop":{"background-color":"var(--ast-global-color-5)","background-image":"","background-repeat":"repeat","background-position":"center center","background-size":"auto","background-attachment":"scroll","background-type":"","background-media":"","overlay-type":"","overlay-color":"","overlay-opacity":"","overlay-gradient":""},"tablet":{"background-color":"var(--ast-global-color-5)","background-image":"","background-repeat":"repeat","background-position":"center center","background-size":"auto","background-attachment":"scroll","background-type":"","background-media":"","overlay-type":"","overlay-color":"","overlay-opacity":"","overlay-gradient":""},"mobile":{"background-color":"var(--ast-global-color-5)","background-image":"","background-repeat":"repeat","background-position":"center center","background-size":"auto","background-attachment":"scroll","background-type":"","background-media":"","overlay-type":"","overlay-color":"","overlay-opacity":"","overlay-gradient":""}},"footnotes":""},"class_list":["post-1606","page","type-page","status-publish","hentry"],"_links":{"self":[{"href":"https:\/\/forreria.com\/ca\/wp-json\/wp\/v2\/pages\/1606","targetHints":{"allow":["GET"]}}],"collection":[{"href":"https:\/\/forreria.com\/ca\/wp-json\/wp\/v2\/pages"}],"about":[{"href":"https:\/\/forreria.com\/ca\/wp-json\/wp\/v2\/types\/page"}],"author":[{"embeddable":true,"href":"https:\/\/forreria.com\/ca\/wp-json\/wp\/v2\/users\/1"}],"replies":[{"embeddable":true,"href":"https:\/\/forreria.com\/ca\/wp-json\/wp\/v2\/comments?post=1606"}],"version-history":[{"count":0,"href":"https:\/\/forreria.com\/ca\/wp-json\/wp\/v2\/pages\/1606\/revisions"}],"wp:attachment":[{"href":"https:\/\/forreria.com\/ca\/wp-json\/wp\/v2\/media?parent=1606"}],"curies":[{"name":"wp","href":"https:\/\/api.w.org\/{rel}","templated":true}]}}